{"id":4968,"date":"2025-07-04T17:02:57","date_gmt":"2025-07-04T17:02:57","guid":{"rendered":"https:\/\/www.upababy.pt\/produto\/maxi-cosi-tanza-i-size\/"},"modified":"2026-02-03T21:08:11","modified_gmt":"2026-02-03T21:08:11","slug":"maxi-cosi-tanza-i-size","status":"publish","type":"product","link":"https:\/\/www.upababy.pt\/fr\/produto\/maxi-cosi-tanza-i-size\/","title":{"rendered":"Maxi-Cosi Tanza i-Size"},"content":{"rendered":"<p>Ce si\u00e8ge auto face \u00e0 la route allie confort, s\u00e9curit\u00e9 et praticit\u00e9 en voyage. Pour les enfants mesurant entre 100 et 150 cm (39,37\u2019\u2019 et 59,05\u2019\u2019). Il offre 10 positions d\u2019appui-t\u00eate.<br \/>\nSI\u00c8GE AUTO PLIABLE : Ce si\u00e8ge auto de voyage (5,3 kg | 11.68 lbs) se plie facilement et de mani\u00e8re compacte (59,5 cm x 28 cm x 45 cm | | 23,43\u201d x 11,02 x 17,72 in) pour un transport, un d\u00e9placement et un rangement ais\u00e9s.<br \/>\nPROTECTION LAT\u00c9RALE G-CELL : Cette protection int\u00e9gr\u00e9e contre les chocs lat\u00e9raux r\u00e9partit les forces d\u2019impact loin de l\u2019enfant, r\u00e9duisant ainsi les blessures \u00e0 la t\u00eate, au cou et aux \u00e9paules.<\/p>\n<p>Installation :<br \/>\n\u2022 Installation avec syst\u00e8me Isofix<br \/>\n\u2022 L\u2019enfant utilise les ceintures de s\u00e9curit\u00e9 du v\u00e9hicule.<\/p>\n<p>Groupe 2\/3 : de 15 \u00e0 36 kg (4 \u00e0 12 ans)<br \/>\n          (de 33.01-77.36 lsb)<\/p>\n","protected":false},"excerpt":{"rendered":"<p>Ce si\u00e8ge auto face \u00e0 la route allie confort, s\u00e9curit\u00e9 et praticit\u00e9 en voyage. Pour les enfants mesurant entre 100 et 150 cm (39,37\u2019\u2019 et 59,05\u2019\u2019). Il offre 10 positions d\u2019appui-t\u00eate. SI\u00c8GE AUTO PLIABLE : Ce si\u00e8ge auto de voyage (5,3 kg | 11.68 lbs) se plie facilement et de mani\u00e8re compacte (59,5 cm x [&hellip;]<\/p>\n","protected":false},"featured_media":4983,"comment_status":"closed","ping_status":"closed","template":"","meta":[],"product_cat":[102,101],"product_tag":[],"class_list":["post-4968","product","type-product","status-publish","has-post-thumbnail","hentry","product_cat-groupe-2-3-4-12-ans","product_cat-sieges-dauto"],"acf":[],"_links":{"self":[{"href":"https:\/\/www.upababy.pt\/fr\/wp-json\/wp\/v2\/product\/4968","targetHints":{"allow":["GET"]}}],"collection":[{"href":"https:\/\/www.upababy.pt\/fr\/wp-json\/wp\/v2\/product"}],"about":[{"href":"https:\/\/www.upababy.pt\/fr\/wp-json\/wp\/v2\/types\/product"}],"replies":[{"embeddable":true,"href":"https:\/\/www.upababy.pt\/fr\/wp-json\/wp\/v2\/comments?post=4968"}],"wp:featuredmedia":[{"embeddable":true,"href":"https:\/\/www.upababy.pt\/fr\/wp-json\/wp\/v2\/media\/4983"}],"wp:attachment":[{"href":"https:\/\/www.upababy.pt\/fr\/wp-json\/wp\/v2\/media?parent=4968"}],"wp:term":[{"taxonomy":"product_cat","embeddable":true,"href":"https:\/\/www.upababy.pt\/fr\/wp-json\/wp\/v2\/product_cat?post=4968"},{"taxonomy":"product_tag","embeddable":true,"href":"https:\/\/www.upababy.pt\/fr\/wp-json\/wp\/v2\/product_tag?post=4968"}],"curies":[{"name":"wp","href":"https:\/\/api.w.org\/{rel}","templated":true}]}}