{"id":4370,"date":"2024-01-20T17:17:01","date_gmt":"2024-01-20T17:17:01","guid":{"rendered":"https:\/\/www.upababy.pt\/?post_type=product&#038;p=4370"},"modified":"2026-02-02T16:09:58","modified_gmt":"2026-02-02T16:09:58","slug":"advansafix-i-size","status":"publish","type":"product","link":"https:\/\/www.upababy.pt\/fr\/produto\/advansafix-i-size\/","title":{"rendered":"R\u00f6mer AdvansaFIX i-size"},"content":{"rendered":"<p>Le si\u00e8ge auto R\u00f6mer ADVANSAFIX i-SIZE convient aux enfants de 76 cm (15 mois) jusqu&#8217;\u00e0 102 cm ou 21 kg (homologu\u00e9 selon la nouvelle r\u00e9glementation ECE R129\/03).<br \/>\nL&#8217;enfant utilise le harnais \u00e0 5 points. Il est dot\u00e9 de coussinets de poitrine souples qui r\u00e9duisent le mouvement vers l&#8217;avant de l&#8217;enfant en cas d&#8217;accident.<br \/>\nL&#8217;appui-t\u00eate en forme de V contr\u00f4le le mouvement de la t\u00eate en cas de collision lat\u00e9rale, tout en offrant un grand confort. Il peut \u00eatre ajust\u00e9 facilement et d&#8217;une seule main.<\/p>\n<p>&nbsp;<\/p>\n<p>Installation:<br \/>\n\u2022 Installation avec syst\u00e8me Isofix<br \/>\n\u2022 Poss\u00e8de une attache sup\u00e9rieure (Top Tether)<br \/>\n\u2022 B\u00e9b\u00e9 utilise les ceintures de s\u00e9curit\u00e9 du si\u00e8ge<\/p>\n<p>Hauteur : de 76 cm \u00e0 102 cm (29,92 in \u00e0 40,15 in)<\/p>\n<p>Groupe 1 : 9-21 Kg (1-4 ans) \u2013 face \u00e0 la route<br \/>\n         (19.84-46.29 lbs)<\/p>\n","protected":false},"excerpt":{"rendered":"<p>Am\u00e9liorez les vacances de vos b\u00e9b\u00e9, tandis que vous voyagez l\u00e9ger. Upababy loue R\u00f6mer AdvansaFIX isofix groupe 1, mettant \u00e0 votre disposition o\u00f9 et quand<\/p>\n","protected":false},"featured_media":4358,"comment_status":"closed","ping_status":"closed","template":"","meta":[],"product_cat":[105,101],"product_tag":[],"class_list":["post-4370","product","type-product","status-publish","has-post-thumbnail","hentry","product_cat-groupe-1-1-4-ans","product_cat-sieges-dauto"],"acf":[],"_links":{"self":[{"href":"https:\/\/www.upababy.pt\/fr\/wp-json\/wp\/v2\/product\/4370","targetHints":{"allow":["GET"]}}],"collection":[{"href":"https:\/\/www.upababy.pt\/fr\/wp-json\/wp\/v2\/product"}],"about":[{"href":"https:\/\/www.upababy.pt\/fr\/wp-json\/wp\/v2\/types\/product"}],"replies":[{"embeddable":true,"href":"https:\/\/www.upababy.pt\/fr\/wp-json\/wp\/v2\/comments?post=4370"}],"wp:featuredmedia":[{"embeddable":true,"href":"https:\/\/www.upababy.pt\/fr\/wp-json\/wp\/v2\/media\/4358"}],"wp:attachment":[{"href":"https:\/\/www.upababy.pt\/fr\/wp-json\/wp\/v2\/media?parent=4370"}],"wp:term":[{"taxonomy":"product_cat","embeddable":true,"href":"https:\/\/www.upababy.pt\/fr\/wp-json\/wp\/v2\/product_cat?post=4370"},{"taxonomy":"product_tag","embeddable":true,"href":"https:\/\/www.upababy.pt\/fr\/wp-json\/wp\/v2\/product_tag?post=4370"}],"curies":[{"name":"wp","href":"https:\/\/api.w.org\/{rel}","templated":true}]}}