{"id":3929,"date":"2023-04-16T14:42:43","date_gmt":"2023-04-16T14:42:43","guid":{"rendered":"https:\/\/www.upababy.pt\/?post_type=product&#038;p=3929"},"modified":"2026-02-04T10:54:06","modified_gmt":"2026-02-04T10:54:06","slug":"aluguer-carrinho-de-bebe-gemeos-lisboa-baby-jogger-mini-gt2-double","status":"publish","type":"product","link":"https:\/\/www.upababy.pt\/fr\/produto\/aluguer-carrinho-de-bebe-gemeos-lisboa-baby-jogger-mini-gt2-double\/","title":{"rendered":"Baby jogger Mini GT2 double"},"content":{"rendered":"<p><u>Location poussette Lisbonne Baby Jogger Mini GT2 double<\/u><\/p>\n<p>La poussette double Baby Jogger City Mini GT2 offre de l&#8217;agilit\u00e9 sur tous les terrains, gr\u00e2ce \u00e0 ses pneus en caoutchouc \u00e0 air permanent qui ne se d\u00e9forment jamais et \u00e0 sa suspension \u00e0 quatre roues.<br \/>\nM\u00eame avec deux enfants, cette poussette double l\u00e9g\u00e8re ne vous ralentira pas car elle se replie rapidement et facilement avec la signature Baby Jogger. En une seule \u00e9tape, il se replie dans le si\u00e8ge.<br \/>\nLes si\u00e8ges inclinables presque \u00e0 plat vous aident \u00e0 trouver la position la plus confortable pour votre enfant. Le frein de stationnement manuel et le panier de rangement extra large offrent une polyvalence maximale. Les couvertures avec protection UV 50+ avec fen\u00eatres peek-a-boo garderont les enfants en s\u00e9curit\u00e9.<\/p>\n<p>Les caract\u00e9ristiques<br \/>\n\u2022 Pneus en caoutchouc Forever air avec suspension dans toutes les roues<br \/>\n\u2022 Syst\u00e8me de pliage \u00e0 une main<br \/>\n\u2022 Frein de stationnement manuel<br \/>\n\u2022 Guidon r\u00e9glable en hauteur<br \/>\n\u2022 Repose pieds<br \/>\n\u2022 Auvents UV50+ \u00e0 3 sections avec hublots magn\u00e9tiques<br \/>\n\u2022 Harnais de poussette \u00e0 5 points<br \/>\n\u2022 Si\u00e8ges inclinables dans diff\u00e9rentes positions pour \u00eatre presque \u00e0 plat<br \/>\n\u2022 Panier de rangement extra-large<br \/>\n\u2022 Chassis en aluminium<br \/>\n\u2022 Poids de la poussette : 16 kg (35.27 lbs)<\/p>\n<p>1 &#8211; 4 ans | jusqu&#8217;\u00e0 22 kg (48.50 lbs) \/ si\u00e8ge<\/p>\n","protected":false},"excerpt":{"rendered":"<p>Location poussette Lisbonne ou \u00e0 Porto est simple. Upababy loue des poussettes pour diff\u00e9rents \u00e2ges pendant des jours ou des semaines.<\/p>\n","protected":false},"featured_media":3935,"comment_status":"closed","ping_status":"closed","template":"","meta":[],"product_cat":[110,106],"product_tag":[],"class_list":["post-3929","product","type-product","status-publish","has-post-thumbnail","hentry","product_cat-poussettes-9-moins","product_cat-poussettes-de-bebe"],"acf":[],"_links":{"self":[{"href":"https:\/\/www.upababy.pt\/fr\/wp-json\/wp\/v2\/product\/3929","targetHints":{"allow":["GET"]}}],"collection":[{"href":"https:\/\/www.upababy.pt\/fr\/wp-json\/wp\/v2\/product"}],"about":[{"href":"https:\/\/www.upababy.pt\/fr\/wp-json\/wp\/v2\/types\/product"}],"replies":[{"embeddable":true,"href":"https:\/\/www.upababy.pt\/fr\/wp-json\/wp\/v2\/comments?post=3929"}],"wp:featuredmedia":[{"embeddable":true,"href":"https:\/\/www.upababy.pt\/fr\/wp-json\/wp\/v2\/media\/3935"}],"wp:attachment":[{"href":"https:\/\/www.upababy.pt\/fr\/wp-json\/wp\/v2\/media?parent=3929"}],"wp:term":[{"taxonomy":"product_cat","embeddable":true,"href":"https:\/\/www.upababy.pt\/fr\/wp-json\/wp\/v2\/product_cat?post=3929"},{"taxonomy":"product_tag","embeddable":true,"href":"https:\/\/www.upababy.pt\/fr\/wp-json\/wp\/v2\/product_tag?post=3929"}],"curies":[{"name":"wp","href":"https:\/\/api.w.org\/{rel}","templated":true}]}}