{"id":3482,"date":"2022-04-25T10:32:03","date_gmt":"2022-04-25T10:32:03","guid":{"rendered":"https:\/\/www.upababy.pt\/produto\/aluguer-carrinho-de-bebe-lisboa-maxi-cosi-z\/"},"modified":"2026-02-04T10:56:41","modified_gmt":"2026-02-04T10:56:41","slug":"louer-poussette-lisbonne-maxi-cosi-z","status":"publish","type":"product","link":"https:\/\/www.upababy.pt\/fr\/produto\/louer-poussette-lisbonne-maxi-cosi-z\/","title":{"rendered":"Maxi-Cosi Zelia 3"},"content":{"rendered":"<p><u>Louer poussette Lisbonne Maxi-Cosi Zelia 3<\/u><\/p>\n<p>La poussette Maxi-Cosi Zelia 3 est un mod\u00e8le \u00e0 quatre roues parfait pour les parents qui souhaitent placer leur b\u00e9b\u00e9 face \u00e0 eux ou face au monde. La poussette est livr\u00e9e avec une grande capote extensible avec protection UPF50+ parfaite pour les promenades en ville. De plus, il est parfait pour les parents plus grands car il poss\u00e8de une poign\u00e9e r\u00e9glable en hauteur. Enfin, le si\u00e8ge est tr\u00e8s confortable pour le b\u00e9b\u00e9.<\/p>\n<p>Les caract\u00e9ristiques<br \/>\n\u2022 Fermeture compacte et facile : le si\u00e8ge peut \u00eatre ferm\u00e9 avec la poussette en mode face au monde<br \/>\n\u2022 Syst\u00e8me d&#8217;inclinaison \u00e0 une main<br \/>\n\u2022 Si\u00e8ge r\u00e9versible<br \/>\n\u2022 Structure en aluminium de 10 kg (22 lbs)<\/p>\n<p>1 &#8211; 4 ans | jusqu&#8217;\u00e0 18 kg (39.68 lbs)<\/p>\n","protected":false},"excerpt":{"rendered":"<p>POUPE AT\u00c9 80%. Alugue em vez de comprar. A Upababy aluga Britax B-Motion 4 pelo per\u00edodo de tempo que precisa e entrega onde quiser.<\/p>\n","protected":false},"featured_media":3471,"comment_status":"closed","ping_status":"closed","template":"","meta":[],"product_cat":[110,106],"product_tag":[],"class_list":["post-3482","product","type-product","status-publish","has-post-thumbnail","hentry","product_cat-poussettes-9-moins","product_cat-poussettes-de-bebe"],"acf":[],"_links":{"self":[{"href":"https:\/\/www.upababy.pt\/fr\/wp-json\/wp\/v2\/product\/3482","targetHints":{"allow":["GET"]}}],"collection":[{"href":"https:\/\/www.upababy.pt\/fr\/wp-json\/wp\/v2\/product"}],"about":[{"href":"https:\/\/www.upababy.pt\/fr\/wp-json\/wp\/v2\/types\/product"}],"replies":[{"embeddable":true,"href":"https:\/\/www.upababy.pt\/fr\/wp-json\/wp\/v2\/comments?post=3482"}],"wp:featuredmedia":[{"embeddable":true,"href":"https:\/\/www.upababy.pt\/fr\/wp-json\/wp\/v2\/media\/3471"}],"wp:attachment":[{"href":"https:\/\/www.upababy.pt\/fr\/wp-json\/wp\/v2\/media?parent=3482"}],"wp:term":[{"taxonomy":"product_cat","embeddable":true,"href":"https:\/\/www.upababy.pt\/fr\/wp-json\/wp\/v2\/product_cat?post=3482"},{"taxonomy":"product_tag","embeddable":true,"href":"https:\/\/www.upababy.pt\/fr\/wp-json\/wp\/v2\/product_tag?post=3482"}],"curies":[{"name":"wp","href":"https:\/\/api.w.org\/{rel}","templated":true}]}}