{"id":3446,"date":"2022-04-25T05:53:02","date_gmt":"2022-04-25T05:53:02","guid":{"rendered":"https:\/\/www.upababy.pt\/?post_type=product&#038;p=3446"},"modified":"2026-02-04T11:00:02","modified_gmt":"2026-02-04T11:00:02","slug":"location-poussette-lisbonne-b-agile-3","status":"publish","type":"product","link":"https:\/\/www.upababy.pt\/fr\/produto\/location-poussette-lisbonne-b-agile-3\/","title":{"rendered":"Britax B-Agile 3"},"content":{"rendered":"<p><u>Location poussette Lisbonne B-Agile 3<\/u><\/p>\n<p>La poussette B-AGILE 3 est un mod\u00e8le \u00e0 trois roues qui allie l\u00e9g\u00e8ret\u00e9 et flexibilit\u00e9. La suspension int\u00e9grale offre une conduite en douceur sur les fissures et les bosses. Se plie rapidement d&#8217;une seule main. La configuration \u00e0 3 roues avec roues avant pivotantes vous permet de traverser tous les endroits difficiles qui se pr\u00e9sentent \u00e0 vous. Grand rangement sous le si\u00e8ge et poche zipp\u00e9e suppl\u00e9mentaire pour tous les essentiels de la vie.<\/p>\n<p>Caract\u00e9ristiques<br \/>\n\u2022 Se ferme d&#8217;une seule main<br \/>\n\u2022 Suspension ind\u00e9pendante<br \/>\n\u2022 Dossier multi-positions<br \/>\n\u2022 Cadre en aluminium 7,8 Kg (17.2 lbs)<\/p>\n<p>1 \u00e0 4 ans | jusqu&#8217;\u00e0 14 kg (31 lbs)<\/p>\n","protected":false},"excerpt":{"rendered":"<p>POUPE AT\u00c9 80%. Alugue em vez de comprar. A Upababy aluga Britax B-Motion 4 pelo per\u00edodo de tempo que precisa e entrega onde quiser.<\/p>\n","protected":false},"featured_media":3451,"comment_status":"closed","ping_status":"closed","template":"","meta":[],"product_cat":[110,106],"product_tag":[],"class_list":["post-3446","product","type-product","status-publish","has-post-thumbnail","hentry","product_cat-poussettes-9-moins","product_cat-poussettes-de-bebe"],"acf":[],"_links":{"self":[{"href":"https:\/\/www.upababy.pt\/fr\/wp-json\/wp\/v2\/product\/3446","targetHints":{"allow":["GET"]}}],"collection":[{"href":"https:\/\/www.upababy.pt\/fr\/wp-json\/wp\/v2\/product"}],"about":[{"href":"https:\/\/www.upababy.pt\/fr\/wp-json\/wp\/v2\/types\/product"}],"replies":[{"embeddable":true,"href":"https:\/\/www.upababy.pt\/fr\/wp-json\/wp\/v2\/comments?post=3446"}],"wp:featuredmedia":[{"embeddable":true,"href":"https:\/\/www.upababy.pt\/fr\/wp-json\/wp\/v2\/media\/3451"}],"wp:attachment":[{"href":"https:\/\/www.upababy.pt\/fr\/wp-json\/wp\/v2\/media?parent=3446"}],"wp:term":[{"taxonomy":"product_cat","embeddable":true,"href":"https:\/\/www.upababy.pt\/fr\/wp-json\/wp\/v2\/product_cat?post=3446"},{"taxonomy":"product_tag","embeddable":true,"href":"https:\/\/www.upababy.pt\/fr\/wp-json\/wp\/v2\/product_tag?post=3446"}],"curies":[{"name":"wp","href":"https:\/\/api.w.org\/{rel}","templated":true}]}}