{"id":2364,"date":"2022-02-21T10:24:32","date_gmt":"2022-02-21T10:24:32","guid":{"rendered":"http:\/\/upababy.pt\/produto\/chicco-open-sea-dreams\/"},"modified":"2026-02-07T16:29:33","modified_gmt":"2026-02-07T16:29:33","slug":"chicco-open-sea-dreams","status":"publish","type":"product","link":"https:\/\/www.upababy.pt\/fr\/produto\/chicco-open-sea-dreams\/","title":{"rendered":"Chicco Open sea dreams"},"content":{"rendered":"<p>L&#8217;endroit id\u00e9al pour que les enfants jouent et se d\u00e9tendent d\u00e8s leurs premiers mois. Les c\u00f4t\u00e9s en maille fine assurent une bonne ventilation et l&#8217;un d&#8217;eux s&#8217;ouvre facilement gr\u00e2ce \u00e0 une fermeture \u00e9clair. Un tapis d&#8217;une douceur exceptionnelle, orn\u00e9 d&#8217;un motif marin, est inclus et peut \u00e9galement \u00eatre utilis\u00e9 \u00e0 l&#8217;ext\u00e9rieur du parc. La vari\u00e9t\u00e9 des mati\u00e8res et des activit\u00e9s sonores contribue grandement \u00e0 l&#8217;\u00e9veil sensoriel des enfants.<\/p>\n<p>Dimensions ouvert : 94 (L) x 94 (L) x 76 (H) cm | 37 (L) x 37 (L) x 29,92 (H) IN<br \/>\nDimensions ferm\u00e9 : 25 (L) x 25 (L) x 87 (H) cm | 9.84 (L) x 9.84 (W) x 34.25 (H) in<\/p>\n<p>Poids\u00a0: 11 kg (24.25 lbs)<\/p>\n<p>De 0 \u00e0 4 ans<\/p>\n","protected":false},"excerpt":{"rendered":"<p>Am\u00e9liorez les vacances de vos b\u00e9b\u00e9, tandis que vous voyagez l\u00e9ger. Upababy loue Chicco Open sea dreams, mettant \u00e0 votre disposition o\u00f9 et quand vous en<\/p>\n","protected":false},"featured_media":2024,"comment_status":"closed","ping_status":"closed","template":"","meta":[],"product_cat":[111,114],"product_tag":[],"class_list":["post-2364","product","type-product","status-publish","has-post-thumbnail","hentry","product_cat-jouer-et-reposer","product_cat-parcs-et-tapis-deveil"],"acf":[],"_links":{"self":[{"href":"https:\/\/www.upababy.pt\/fr\/wp-json\/wp\/v2\/product\/2364","targetHints":{"allow":["GET"]}}],"collection":[{"href":"https:\/\/www.upababy.pt\/fr\/wp-json\/wp\/v2\/product"}],"about":[{"href":"https:\/\/www.upababy.pt\/fr\/wp-json\/wp\/v2\/types\/product"}],"replies":[{"embeddable":true,"href":"https:\/\/www.upababy.pt\/fr\/wp-json\/wp\/v2\/comments?post=2364"}],"wp:featuredmedia":[{"embeddable":true,"href":"https:\/\/www.upababy.pt\/fr\/wp-json\/wp\/v2\/media\/2024"}],"wp:attachment":[{"href":"https:\/\/www.upababy.pt\/fr\/wp-json\/wp\/v2\/media?parent=2364"}],"wp:term":[{"taxonomy":"product_cat","embeddable":true,"href":"https:\/\/www.upababy.pt\/fr\/wp-json\/wp\/v2\/product_cat?post=2364"},{"taxonomy":"product_tag","embeddable":true,"href":"https:\/\/www.upababy.pt\/fr\/wp-json\/wp\/v2\/product_tag?post=2364"}],"curies":[{"name":"wp","href":"https:\/\/api.w.org\/{rel}","templated":true}]}}