{"id":2359,"date":"2022-02-21T10:24:32","date_gmt":"2022-02-21T10:24:32","guid":{"rendered":"http:\/\/upababy.pt\/produto\/baby-onda-rose\/"},"modified":"2026-02-07T17:04:49","modified_gmt":"2026-02-07T17:04:49","slug":"baby-onda-rose","status":"publish","type":"product","link":"https:\/\/www.upababy.pt\/fr\/produto\/baby-onda-rose\/","title":{"rendered":"Baby Onda rose"},"content":{"rendered":"<p>Vous pouvez continuer \u00e0 utiliser Onda \u00e0 mesure que votre b\u00e9b\u00e9 grandit, car elle propose deux positions diff\u00e9rentes con\u00e7ues pour les b\u00e9b\u00e9s de 0 \u00e0 6 mois et de 6 \u00e0 12 mois. La baignoire, de forme anatomique, est dot\u00e9e de trois supports (sous les aisselles et entre les jambes), vous permettant ainsi de baigner votre b\u00e9b\u00e9 en toute autonomie.<br \/>\nLes fixations permettent d&#8217;installer la baignoire Baby Onda en toute s\u00e9curit\u00e9 sur la baignoire d&#8217;un adulte.<br \/>\nPosition 0-6 mois<br \/>\nPosition 6-12 mois<\/p>\n<p>Dimensions\u00a0: 53 (L) x 26 (L) x 93 (H) cm | 20.87 (L) x 10.24 (L) x 36,61 (H) in<\/p>\n","protected":false},"excerpt":{"rendered":"<p>Am\u00e9liorez les vacances de vos b\u00e9b\u00e9, tandis que vous voyagez l\u00e9ger. Upababy loue Baby Onda, mettant \u00e0 votre disposition o\u00f9 et quand vous en<\/p>\n","protected":false},"featured_media":1967,"comment_status":"closed","ping_status":"closed","template":"","meta":[],"product_cat":[119,118],"product_tag":[],"class_list":["post-2359","product","type-product","status-publish","has-post-thumbnail","hentry","product_cat-baignoires-et-tables-a-langer","product_cat-la-toilette"],"acf":[],"_links":{"self":[{"href":"https:\/\/www.upababy.pt\/fr\/wp-json\/wp\/v2\/product\/2359","targetHints":{"allow":["GET"]}}],"collection":[{"href":"https:\/\/www.upababy.pt\/fr\/wp-json\/wp\/v2\/product"}],"about":[{"href":"https:\/\/www.upababy.pt\/fr\/wp-json\/wp\/v2\/types\/product"}],"replies":[{"embeddable":true,"href":"https:\/\/www.upababy.pt\/fr\/wp-json\/wp\/v2\/comments?post=2359"}],"wp:featuredmedia":[{"embeddable":true,"href":"https:\/\/www.upababy.pt\/fr\/wp-json\/wp\/v2\/media\/1967"}],"wp:attachment":[{"href":"https:\/\/www.upababy.pt\/fr\/wp-json\/wp\/v2\/media?parent=2359"}],"wp:term":[{"taxonomy":"product_cat","embeddable":true,"href":"https:\/\/www.upababy.pt\/fr\/wp-json\/wp\/v2\/product_cat?post=2359"},{"taxonomy":"product_tag","embeddable":true,"href":"https:\/\/www.upababy.pt\/fr\/wp-json\/wp\/v2\/product_tag?post=2359"}],"curies":[{"name":"wp","href":"https:\/\/api.w.org\/{rel}","templated":true}]}}