{"id":2358,"date":"2022-02-21T10:24:32","date_gmt":"2022-02-21T10:24:32","guid":{"rendered":"http:\/\/upababy.pt\/produto\/geuther-trixi-blanc\/"},"modified":"2026-02-07T17:01:18","modified_gmt":"2026-02-07T17:01:18","slug":"geuther-trixi-blanc","status":"publish","type":"product","link":"https:\/\/www.upababy.pt\/fr\/produto\/geuther-trixi-blanc\/","title":{"rendered":"Geuther Trixi blanc"},"content":{"rendered":"<p>Besoin de changer b\u00e9b\u00e9 ? Pliable et ne mesurant que 19 cm de large, la table \u00e0 langer Trixi se range facilement derri\u00e8re une armoire. Pour la d\u00e9plier, rien de plus simple : il suffit de la sortir, de d\u00e9plier son cadre robuste en h\u00eatre, et le tour est jou\u00e9 ! Votre tout-petit sera confortablement install\u00e9 sur la surface \u00e0 langer rembourr\u00e9e et restera bien en place gr\u00e2ce \u00e0 la barri\u00e8re lat\u00e9rale rembourr\u00e9e.<br \/>\nUne fois le change termin\u00e9, la Trixi se range discr\u00e8tement.<\/p>\n<p>Ouverte : 56 (L) x 70 (L) x 97 (H) cm | 22,05 (L) x 27,56 (L) x 38,19 (H) in<br \/>\nFerm\u00e9e : 56 (L) x 19 (L) x 117 (H) cm | 22,05 (L) x 7,48 (L) x 46,06 (H) in<\/p>\n<p>Hauteur pour changer b\u00e9b\u00e9 : 91 cm (35,83 in)<\/p>\n","protected":false},"excerpt":{"rendered":"<p>Am\u00e9liorez les vacances de vos b\u00e9b\u00e9, tandis que vous voyagez l\u00e9ger. Upababy loue Geuther Trixi, mettant \u00e0 votre disposition o\u00f9 et quand vous en<\/p>\n","protected":false},"featured_media":1955,"comment_status":"closed","ping_status":"closed","template":"","meta":[],"product_cat":[119,118],"product_tag":[],"class_list":["post-2358","product","type-product","status-publish","has-post-thumbnail","hentry","product_cat-baignoires-et-tables-a-langer","product_cat-la-toilette"],"acf":[],"_links":{"self":[{"href":"https:\/\/www.upababy.pt\/fr\/wp-json\/wp\/v2\/product\/2358","targetHints":{"allow":["GET"]}}],"collection":[{"href":"https:\/\/www.upababy.pt\/fr\/wp-json\/wp\/v2\/product"}],"about":[{"href":"https:\/\/www.upababy.pt\/fr\/wp-json\/wp\/v2\/types\/product"}],"replies":[{"embeddable":true,"href":"https:\/\/www.upababy.pt\/fr\/wp-json\/wp\/v2\/comments?post=2358"}],"wp:featuredmedia":[{"embeddable":true,"href":"https:\/\/www.upababy.pt\/fr\/wp-json\/wp\/v2\/media\/1955"}],"wp:attachment":[{"href":"https:\/\/www.upababy.pt\/fr\/wp-json\/wp\/v2\/media?parent=2358"}],"wp:term":[{"taxonomy":"product_cat","embeddable":true,"href":"https:\/\/www.upababy.pt\/fr\/wp-json\/wp\/v2\/product_cat?post=2358"},{"taxonomy":"product_tag","embeddable":true,"href":"https:\/\/www.upababy.pt\/fr\/wp-json\/wp\/v2\/product_tag?post=2358"}],"curies":[{"name":"wp","href":"https:\/\/api.w.org\/{rel}","templated":true}]}}