{"id":2356,"date":"2022-02-21T10:24:32","date_gmt":"2022-02-21T10:24:32","guid":{"rendered":"http:\/\/upababy.pt\/produto\/fisher-price-evolutive-bleue\/"},"modified":"2026-02-07T16:50:09","modified_gmt":"2026-02-07T16:50:09","slug":"fisher-price-evolutive-bleue","status":"publish","type":"product","link":"https:\/\/www.upababy.pt\/fr\/produto\/fisher-price-evolutive-bleue\/","title":{"rendered":"Fisher-Price \u00e9volutive bleue"},"content":{"rendered":"<p>Robuste et stable, la baignoire Fisher-Price est con\u00e7ue pour les premiers bains de b\u00e9b\u00e9.<br \/>\nConfortable et ergonomique, cette baignoire est fournie avec un berceau en forme d&#8217;aquarium, facilement amovible lorsque b\u00e9b\u00e9 tient assis.<br \/>\nProfonde, la baignoire est \u00e9quip\u00e9e d&#8217;un r\u00e9ducteur pour s&#8217;adapter \u00e0 la taille de votre enfant.<br \/>\nPratique, la baignoire Fisher-Price comprend un thermom\u00e8tre pour contr\u00f4ler la temp\u00e9rature de l&#8217;eau. Elle est \u00e9galement dot\u00e9e d&#8217;une poign\u00e9e pour la soulever et la s\u00e9cher plus rapidement.<\/p>\n<p>Dimensions\u00a0: 46 x 21,5 x 78,5 cm | 18.11 (L) x 8.46 (L) x 30.91 (H) in<\/p>\n","protected":false},"excerpt":{"rendered":"<p>Am\u00e9liorez les vacances de vos b\u00e9b\u00e9, tandis que vous voyagez l\u00e9ger. Upababy loue Fisher-Price \u00e9volutive bleue, mettant \u00e0 votre disposition o\u00f9 et quand vous en<\/p>\n","protected":false},"featured_media":1925,"comment_status":"closed","ping_status":"closed","template":"","meta":[],"product_cat":[119,118],"product_tag":[],"class_list":["post-2356","product","type-product","status-publish","has-post-thumbnail","hentry","product_cat-baignoires-et-tables-a-langer","product_cat-la-toilette"],"acf":[],"_links":{"self":[{"href":"https:\/\/www.upababy.pt\/fr\/wp-json\/wp\/v2\/product\/2356","targetHints":{"allow":["GET"]}}],"collection":[{"href":"https:\/\/www.upababy.pt\/fr\/wp-json\/wp\/v2\/product"}],"about":[{"href":"https:\/\/www.upababy.pt\/fr\/wp-json\/wp\/v2\/types\/product"}],"replies":[{"embeddable":true,"href":"https:\/\/www.upababy.pt\/fr\/wp-json\/wp\/v2\/comments?post=2356"}],"wp:featuredmedia":[{"embeddable":true,"href":"https:\/\/www.upababy.pt\/fr\/wp-json\/wp\/v2\/media\/1925"}],"wp:attachment":[{"href":"https:\/\/www.upababy.pt\/fr\/wp-json\/wp\/v2\/media?parent=2356"}],"wp:term":[{"taxonomy":"product_cat","embeddable":true,"href":"https:\/\/www.upababy.pt\/fr\/wp-json\/wp\/v2\/product_cat?post=2356"},{"taxonomy":"product_tag","embeddable":true,"href":"https:\/\/www.upababy.pt\/fr\/wp-json\/wp\/v2\/product_tag?post=2356"}],"curies":[{"name":"wp","href":"https:\/\/api.w.org\/{rel}","templated":true}]}}