{"id":2351,"date":"2022-02-21T10:24:32","date_gmt":"2022-02-21T10:24:32","guid":{"rendered":"http:\/\/upababy.pt\/produto\/louer-tapis-et-puzzle-de-16-pieces\/"},"modified":"2025-03-19T11:22:49","modified_gmt":"2025-03-19T11:22:49","slug":"louer-tapis-et-puzzle-de-16-pieces","status":"publish","type":"product","link":"https:\/\/www.upababy.pt\/fr\/produto\/louer-tapis-et-puzzle-de-16-pieces\/","title":{"rendered":"Louer Tapis et puzzle pi\u00e8ces"},"content":{"rendered":"<p>Ce tapis offre un espace de jeu doux et confortable pour les b\u00e9b\u00e9s, prot\u00e9g\u00e9 du sol, avec un puzzle int\u00e9gr\u00e9 pour jouer sans rien d&#8217;autre.<br \/>\nEn plus d&#8217;assembler les pi\u00e8ces pour compl\u00e9ter le puzzle, elles peuvent \u00e9galement ins\u00e9rer les formes int\u00e9rieures au bon endroit dans chaque case.<br \/>\n(Le tapis peut varier en termes de th\u00e8me et de nombre de pi\u00e8ces, entre 10 et 16 pi\u00e8ces).<\/p>\n","protected":false},"excerpt":{"rendered":"<p>Am\u00e9liorez les vacances de vos b\u00e9b\u00e9, tandis que vous voyagez l\u00e9ger. Upababy louer Tapis et puzzle, mettant \u00e0 votre disposition o\u00f9 et quand vous en avez besoi<\/p>\n","protected":false},"featured_media":1853,"comment_status":"closed","ping_status":"closed","template":"","meta":[],"product_cat":[111,114],"product_tag":[],"class_list":["post-2351","product","type-product","status-publish","has-post-thumbnail","hentry","product_cat-jouer-et-reposer","product_cat-parcs-et-tapis-deveil"],"acf":[],"_links":{"self":[{"href":"https:\/\/www.upababy.pt\/fr\/wp-json\/wp\/v2\/product\/2351","targetHints":{"allow":["GET"]}}],"collection":[{"href":"https:\/\/www.upababy.pt\/fr\/wp-json\/wp\/v2\/product"}],"about":[{"href":"https:\/\/www.upababy.pt\/fr\/wp-json\/wp\/v2\/types\/product"}],"replies":[{"embeddable":true,"href":"https:\/\/www.upababy.pt\/fr\/wp-json\/wp\/v2\/comments?post=2351"}],"wp:featuredmedia":[{"embeddable":true,"href":"https:\/\/www.upababy.pt\/fr\/wp-json\/wp\/v2\/media\/1853"}],"wp:attachment":[{"href":"https:\/\/www.upababy.pt\/fr\/wp-json\/wp\/v2\/media?parent=2351"}],"wp:term":[{"taxonomy":"product_cat","embeddable":true,"href":"https:\/\/www.upababy.pt\/fr\/wp-json\/wp\/v2\/product_cat?post=2351"},{"taxonomy":"product_tag","embeddable":true,"href":"https:\/\/www.upababy.pt\/fr\/wp-json\/wp\/v2\/product_tag?post=2351"}],"curies":[{"name":"wp","href":"https:\/\/api.w.org\/{rel}","templated":true}]}}