{"id":2350,"date":"2022-02-21T10:24:28","date_gmt":"2022-02-21T10:24:28","guid":{"rendered":"http:\/\/upababy.pt\/produto\/piano-geant\/"},"modified":"2022-03-31T22:45:09","modified_gmt":"2022-03-31T22:45:09","slug":"piano-geant","status":"publish","type":"product","link":"https:\/\/www.upababy.pt\/fr\/produto\/piano-geant\/","title":{"rendered":"Piano g\u00e9ant"},"content":{"rendered":"<p>The giant Piano makes the whole family vibrate to the beat of the music.<br \/>\nThis mat piano allows you to play your favorite instrument with the foot. Stimulates the development of the little ones to the tune of 7 different instruments: saxophone, violin, accordion, piano, etc.<\/p>\n<p>24 key giant keyboard play mat<br \/>\n180 cm wide<br \/>\n10 automated sounds: Toreador song, For Elise, Red river Valley&#8230;<\/p>\n","protected":false},"excerpt":{"rendered":"<p>Am\u00e9liorez les vacances de vos b\u00e9b\u00e9, tandis que vous voyagez l\u00e9ger. Upababy loue Piano g\u00e9ant, mettant \u00e0 votre disposition o\u00f9 et quand vous en avez besoin, da<\/p>\n","protected":false},"featured_media":1838,"comment_status":"closed","ping_status":"closed","template":"","meta":[],"product_cat":[111,113],"product_tag":[],"class_list":["post-2350","product","type-product","status-publish","has-post-thumbnail","hentry","product_cat-jouer-et-reposer","product_cat-jouets"],"acf":[],"_links":{"self":[{"href":"https:\/\/www.upababy.pt\/fr\/wp-json\/wp\/v2\/product\/2350","targetHints":{"allow":["GET"]}}],"collection":[{"href":"https:\/\/www.upababy.pt\/fr\/wp-json\/wp\/v2\/product"}],"about":[{"href":"https:\/\/www.upababy.pt\/fr\/wp-json\/wp\/v2\/types\/product"}],"replies":[{"embeddable":true,"href":"https:\/\/www.upababy.pt\/fr\/wp-json\/wp\/v2\/comments?post=2350"}],"wp:featuredmedia":[{"embeddable":true,"href":"https:\/\/www.upababy.pt\/fr\/wp-json\/wp\/v2\/media\/1838"}],"wp:attachment":[{"href":"https:\/\/www.upababy.pt\/fr\/wp-json\/wp\/v2\/media?parent=2350"}],"wp:term":[{"taxonomy":"product_cat","embeddable":true,"href":"https:\/\/www.upababy.pt\/fr\/wp-json\/wp\/v2\/product_cat?post=2350"},{"taxonomy":"product_tag","embeddable":true,"href":"https:\/\/www.upababy.pt\/fr\/wp-json\/wp\/v2\/product_tag?post=2350"}],"curies":[{"name":"wp","href":"https:\/\/api.w.org\/{rel}","templated":true}]}}