{"id":2349,"date":"2022-02-21T10:24:28","date_gmt":"2022-02-21T10:24:28","guid":{"rendered":"http:\/\/upababy.pt\/produto\/chicco-swing-polly-jaune\/"},"modified":"2026-02-07T16:34:50","modified_gmt":"2026-02-07T16:34:50","slug":"chicco-swing-polly-jaune","status":"publish","type":"product","link":"https:\/\/www.upababy.pt\/fr\/produto\/chicco-swing-polly-jaune\/","title":{"rendered":"Chicco Swing Polly jaune"},"content":{"rendered":"<p>Le transat Polly Swing berce doucement votre b\u00e9b\u00e9 \u00e0 4 vitesses diff\u00e9rentes.<br \/>\nLa console propose 6 lumi\u00e8res de couleurs diff\u00e9rentes et 6 m\u00e9lodies : sons de la nature, berceuses et m\u00eame un doux battement de c\u0153ur, pour une ambiance apaisante.<br \/>\nLa capote pare-soleil est amovible et r\u00e9glable pour prot\u00e9ger b\u00e9b\u00e9.<br \/>\nTrois adorables jouets amovibles sont fix\u00e9s \u00e0 l&#8217;int\u00e9rieur de la capote pour stimuler b\u00e9b\u00e9.<br \/>\nLe harnais \u00e0 5 points assure une s\u00e9curit\u00e9 maximale \u00e0 votre enfant.<br \/>\nLe coussin rehausseur moelleux est confectionn\u00e9 dans un tissu respirant pour un confort et une protection optimaux.<\/p>\n","protected":false},"excerpt":{"rendered":"<p>Am\u00e9liorez les vacances de vos b\u00e9b\u00e9, tandis que vous voyagez l\u00e9ger. Upababy loue Chicco Swing Polly jaune, mettant \u00e0 votre disposition o\u00f9 et quand vous en av<\/p>\n","protected":false},"featured_media":1823,"comment_status":"closed","ping_status":"closed","template":"","meta":[],"product_cat":[111,112],"product_tag":[],"class_list":["post-2349","product","type-product","status-publish","has-post-thumbnail","hentry","product_cat-jouer-et-reposer","product_cat-transats-bebes"],"acf":[],"_links":{"self":[{"href":"https:\/\/www.upababy.pt\/fr\/wp-json\/wp\/v2\/product\/2349","targetHints":{"allow":["GET"]}}],"collection":[{"href":"https:\/\/www.upababy.pt\/fr\/wp-json\/wp\/v2\/product"}],"about":[{"href":"https:\/\/www.upababy.pt\/fr\/wp-json\/wp\/v2\/types\/product"}],"replies":[{"embeddable":true,"href":"https:\/\/www.upababy.pt\/fr\/wp-json\/wp\/v2\/comments?post=2349"}],"wp:featuredmedia":[{"embeddable":true,"href":"https:\/\/www.upababy.pt\/fr\/wp-json\/wp\/v2\/media\/1823"}],"wp:attachment":[{"href":"https:\/\/www.upababy.pt\/fr\/wp-json\/wp\/v2\/media?parent=2349"}],"wp:term":[{"taxonomy":"product_cat","embeddable":true,"href":"https:\/\/www.upababy.pt\/fr\/wp-json\/wp\/v2\/product_cat?post=2349"},{"taxonomy":"product_tag","embeddable":true,"href":"https:\/\/www.upababy.pt\/fr\/wp-json\/wp\/v2\/product_tag?post=2349"}],"curies":[{"name":"wp","href":"https:\/\/api.w.org\/{rel}","templated":true}]}}