{"id":2348,"date":"2022-02-21T10:24:28","date_gmt":"2022-02-21T10:24:28","guid":{"rendered":"http:\/\/upababy.pt\/produto\/chicco-i-feel-vert\/"},"modified":"2026-02-07T16:43:51","modified_gmt":"2026-02-07T16:43:51","slug":"chicco-i-feel-vert","status":"publish","type":"product","link":"https:\/\/www.upababy.pt\/fr\/produto\/chicco-i-feel-vert\/","title":{"rendered":"Chicco I-Feel vert"},"content":{"rendered":"<p>Transat \u00e0 bascule au design moderne et pratique.<br \/>\nLe pi\u00e8tement et l&#8217;arche de jeux sont en bois et pr\u00e9sentent une forme ronde et contemporaine.<br \/>\nL&#8217;assise et le repose-pieds sont recouverts d&#8217;un tissu doux sp\u00e9cial.<br \/>\nL&#8217;arche de jeux offre \u00e0 votre enfant une v\u00e9ritable exp\u00e9rience multisensorielle.<br \/>\nL&#8217;assise s&#8217;incline facilement en trois positions. Elle se replie \u00e9galement pour faciliter le transport.<br \/>\nIl est possible de choisir entre une position fixe et une position oscillante.<br \/>\nLe pi\u00e8tement est \u00e9quip\u00e9 de patins antid\u00e9rapants en caoutchouc pour une stabilit\u00e9 et une s\u00e9curit\u00e9 optimales.<\/p>\n","protected":false},"excerpt":{"rendered":"<p>Am\u00e9liorez les vacances de vos b\u00e9b\u00e9, tandis que vous voyagez l\u00e9ger. Upababy loue Chicco I-Feel vert, mettant \u00e0 votre disposition o\u00f9 et quand vous en avez bes<\/p>\n","protected":false},"featured_media":1808,"comment_status":"closed","ping_status":"closed","template":"","meta":[],"product_cat":[111,112],"product_tag":[],"class_list":["post-2348","product","type-product","status-publish","has-post-thumbnail","hentry","product_cat-jouer-et-reposer","product_cat-transats-bebes"],"acf":[],"_links":{"self":[{"href":"https:\/\/www.upababy.pt\/fr\/wp-json\/wp\/v2\/product\/2348","targetHints":{"allow":["GET"]}}],"collection":[{"href":"https:\/\/www.upababy.pt\/fr\/wp-json\/wp\/v2\/product"}],"about":[{"href":"https:\/\/www.upababy.pt\/fr\/wp-json\/wp\/v2\/types\/product"}],"replies":[{"embeddable":true,"href":"https:\/\/www.upababy.pt\/fr\/wp-json\/wp\/v2\/comments?post=2348"}],"wp:featuredmedia":[{"embeddable":true,"href":"https:\/\/www.upababy.pt\/fr\/wp-json\/wp\/v2\/media\/1808"}],"wp:attachment":[{"href":"https:\/\/www.upababy.pt\/fr\/wp-json\/wp\/v2\/media?parent=2348"}],"wp:term":[{"taxonomy":"product_cat","embeddable":true,"href":"https:\/\/www.upababy.pt\/fr\/wp-json\/wp\/v2\/product_cat?post=2348"},{"taxonomy":"product_tag","embeddable":true,"href":"https:\/\/www.upababy.pt\/fr\/wp-json\/wp\/v2\/product_tag?post=2348"}],"curies":[{"name":"wp","href":"https:\/\/api.w.org\/{rel}","templated":true}]}}