{"id":2347,"date":"2022-02-21T10:24:28","date_gmt":"2022-02-21T10:24:28","guid":{"rendered":"http:\/\/upababy.pt\/produto\/chicco-fun-gym\/"},"modified":"2026-02-07T16:32:52","modified_gmt":"2026-02-07T16:32:52","slug":"chicco-fun-gym","status":"publish","type":"product","link":"https:\/\/www.upababy.pt\/fr\/produto\/chicco-fun-gym\/","title":{"rendered":"Chicco fun gym"},"content":{"rendered":"<p>Tapis d&#8217;\u00e9veil portable id\u00e9al \u00e0 emporter partout. Confortable, pratique et l\u00e9ger. Pour toutes les occasions : vacances, week-ends entre amis et sorties au parc sont encore plus agr\u00e9ables \u00e0 partager avec votre b\u00e9b\u00e9.<\/p>\n<p>Avec ses 2 modes de jeu, \u00ab\u00a0FUN\u00a0\u00bb et \u00ab\u00a0RELAX\u00a0\u00bb, pour divertir et c\u00e2liner b\u00e9b\u00e9 dans son propre \u00ab\u00a0cocon\u00a0\u00bb, ce tapis d&#8217;\u00e9veil contribue au d\u00e9veloppement de sa motricit\u00e9, de sa perception visuelle et de son \u00e9veil musical.<\/p>\n","protected":false},"excerpt":{"rendered":"<p>Am\u00e9liorez les vacances de vos b\u00e9b\u00e9, tandis que vous voyagez l\u00e9ger. Upababy loue Chicco fun gym, mettant \u00e0 votre disposition o\u00f9 et quand vous en avez besoin,<\/p>\n","protected":false},"featured_media":1793,"comment_status":"closed","ping_status":"closed","template":"","meta":[],"product_cat":[111,114],"product_tag":[],"class_list":["post-2347","product","type-product","status-publish","has-post-thumbnail","hentry","product_cat-jouer-et-reposer","product_cat-parcs-et-tapis-deveil"],"acf":[],"_links":{"self":[{"href":"https:\/\/www.upababy.pt\/fr\/wp-json\/wp\/v2\/product\/2347","targetHints":{"allow":["GET"]}}],"collection":[{"href":"https:\/\/www.upababy.pt\/fr\/wp-json\/wp\/v2\/product"}],"about":[{"href":"https:\/\/www.upababy.pt\/fr\/wp-json\/wp\/v2\/types\/product"}],"replies":[{"embeddable":true,"href":"https:\/\/www.upababy.pt\/fr\/wp-json\/wp\/v2\/comments?post=2347"}],"wp:featuredmedia":[{"embeddable":true,"href":"https:\/\/www.upababy.pt\/fr\/wp-json\/wp\/v2\/media\/1793"}],"wp:attachment":[{"href":"https:\/\/www.upababy.pt\/fr\/wp-json\/wp\/v2\/media?parent=2347"}],"wp:term":[{"taxonomy":"product_cat","embeddable":true,"href":"https:\/\/www.upababy.pt\/fr\/wp-json\/wp\/v2\/product_cat?post=2347"},{"taxonomy":"product_tag","embeddable":true,"href":"https:\/\/www.upababy.pt\/fr\/wp-json\/wp\/v2\/product_tag?post=2347"}],"curies":[{"name":"wp","href":"https:\/\/api.w.org\/{rel}","templated":true}]}}