{"id":2346,"date":"2022-02-21T10:24:28","date_gmt":"2022-02-21T10:24:28","guid":{"rendered":"http:\/\/upababy.pt\/produto\/jouer-a-faire-semblant-iii\/"},"modified":"2022-03-21T03:13:26","modified_gmt":"2022-03-21T03:13:26","slug":"jouer-a-faire-semblant-iii","status":"publish","type":"product","link":"https:\/\/www.upababy.pt\/fr\/produto\/jouer-a-faire-semblant-iii\/","title":{"rendered":"Jouer \u00e0 faire semblant III"},"content":{"rendered":"<p>Walker Lion + Activity Bus + Pyramid Rings + My first kitchen<br \/>\n12+<br \/>\nSuitable from 12 months, toys in this set provide magical moments of tactile, visual, auditory and motor stimulation, and call for the baby&#8217;s imagination.<br \/>\nThe Walker Lion with its little head and smooth ears is an excellent companion to play. It has a mirror, a ball spinning wheel, a roll with small balls and a window to peek, and a frog. In addition, pressing the buttons has melody and sound.<br \/>\nThe activity Bus with its cheerful colors provides tactile, auditory and visual stimulation, creating true moments of discovery and fun, and appealing to the imagination your baby.<br \/>\nThe Pyramid Rings with its colorful rings stimulates the baby to discover the shapes and sizes.<br \/>\nInside the box that carries the stove hide the utensils that give life to the dreams of children.<br \/>\nWith blocks to build the small kitchen and utensils (pot, spoon, plates etc.) to begin to &#8220;cook&#8221;.<\/p>\n","protected":false},"excerpt":{"rendered":"<p>Am\u00e9liorez les vacances de vos b\u00e9b\u00e9, tandis que vous voyagez l\u00e9ger. Upababy loue Jouer \u00e0 faire semblant III, mettant \u00e0 votre disposition o\u00f9 et quand vous en a<\/p>\n","protected":false},"featured_media":1775,"comment_status":"closed","ping_status":"closed","template":"","meta":[],"product_cat":[111,113],"product_tag":[],"class_list":["post-2346","product","type-product","status-publish","has-post-thumbnail","hentry","product_cat-jouer-et-reposer","product_cat-jouets"],"acf":[],"_links":{"self":[{"href":"https:\/\/www.upababy.pt\/fr\/wp-json\/wp\/v2\/product\/2346","targetHints":{"allow":["GET"]}}],"collection":[{"href":"https:\/\/www.upababy.pt\/fr\/wp-json\/wp\/v2\/product"}],"about":[{"href":"https:\/\/www.upababy.pt\/fr\/wp-json\/wp\/v2\/types\/product"}],"replies":[{"embeddable":true,"href":"https:\/\/www.upababy.pt\/fr\/wp-json\/wp\/v2\/comments?post=2346"}],"wp:featuredmedia":[{"embeddable":true,"href":"https:\/\/www.upababy.pt\/fr\/wp-json\/wp\/v2\/media\/1775"}],"wp:attachment":[{"href":"https:\/\/www.upababy.pt\/fr\/wp-json\/wp\/v2\/media?parent=2346"}],"wp:term":[{"taxonomy":"product_cat","embeddable":true,"href":"https:\/\/www.upababy.pt\/fr\/wp-json\/wp\/v2\/product_cat?post=2346"},{"taxonomy":"product_tag","embeddable":true,"href":"https:\/\/www.upababy.pt\/fr\/wp-json\/wp\/v2\/product_tag?post=2346"}],"curies":[{"name":"wp","href":"https:\/\/api.w.org\/{rel}","templated":true}]}}