{"id":2343,"date":"2022-02-21T10:24:28","date_gmt":"2022-02-21T10:24:28","guid":{"rendered":"http:\/\/upababy.pt\/produto\/jouer-fun-ii\/"},"modified":"2022-03-31T22:43:35","modified_gmt":"2022-03-31T22:43:35","slug":"jouer-fun-ii","status":"publish","type":"product","link":"https:\/\/www.upababy.pt\/fr\/produto\/jouer-fun-ii\/","title":{"rendered":"Jouer Fun II"},"content":{"rendered":"<p>Quattro car + Baby Rhino + Noddy Building Blocks<br \/>\n9+<br \/>\nWhen driving its car, your child can first use it as a rocker, be pushed and guided by mom, then use it as a support for its very first &#8220;walks\u201d and finally, when your child has become an expert driver it can drive it freely by pushing it with its legs.<br \/>\nQuattro is a &#8220;full optional\u201d car that offers maximum safety and comfort: it has a large backrest with safety harness, safety bars\/armrests, covered wheels, and footrest. Lots of movement and fun: the car features an electronic activity centre, with horn, accelerator lever, and melodies which can be removed and played with separately.<br \/>\nThe Baby Rhino with joyful colors provides tactile stimulation, auditory stimulation and visual stimulation, creating true moments of discovery and fun.<br \/>\nThe Noddy Building Blocks provide the baby endless possibilities handling of elements and activities. Infants develop their imagination, and the relationship with each other and the world around them.<\/p>\n","protected":false},"excerpt":{"rendered":"<p>Am\u00e9liorez les vacances de vos b\u00e9b\u00e9, tandis que vous voyagez l\u00e9ger. Upababy loue Jouer Fun II, mettant \u00e0 votre disposition o\u00f9 et quand vous en avez besoin, d<\/p>\n","protected":false},"featured_media":1724,"comment_status":"closed","ping_status":"closed","template":"","meta":[],"product_cat":[111,113],"product_tag":[],"class_list":["post-2343","product","type-product","status-publish","has-post-thumbnail","hentry","product_cat-jouer-et-reposer","product_cat-jouets"],"acf":[],"_links":{"self":[{"href":"https:\/\/www.upababy.pt\/fr\/wp-json\/wp\/v2\/product\/2343","targetHints":{"allow":["GET"]}}],"collection":[{"href":"https:\/\/www.upababy.pt\/fr\/wp-json\/wp\/v2\/product"}],"about":[{"href":"https:\/\/www.upababy.pt\/fr\/wp-json\/wp\/v2\/types\/product"}],"replies":[{"embeddable":true,"href":"https:\/\/www.upababy.pt\/fr\/wp-json\/wp\/v2\/comments?post=2343"}],"wp:featuredmedia":[{"embeddable":true,"href":"https:\/\/www.upababy.pt\/fr\/wp-json\/wp\/v2\/media\/1724"}],"wp:attachment":[{"href":"https:\/\/www.upababy.pt\/fr\/wp-json\/wp\/v2\/media?parent=2343"}],"wp:term":[{"taxonomy":"product_cat","embeddable":true,"href":"https:\/\/www.upababy.pt\/fr\/wp-json\/wp\/v2\/product_cat?post=2343"},{"taxonomy":"product_tag","embeddable":true,"href":"https:\/\/www.upababy.pt\/fr\/wp-json\/wp\/v2\/product_tag?post=2343"}],"curies":[{"name":"wp","href":"https:\/\/api.w.org\/{rel}","templated":true}]}}