{"id":2340,"date":"2022-02-21T10:24:28","date_gmt":"2022-02-21T10:24:28","guid":{"rendered":"http:\/\/upababy.pt\/produto\/jane-fold-rouge\/"},"modified":"2026-02-07T16:42:41","modified_gmt":"2026-02-07T16:42:41","slug":"jane-fold-rouge","status":"publish","type":"product","link":"https:\/\/www.upababy.pt\/fr\/produto\/jane-fold-rouge\/","title":{"rendered":"Jane Fold rouge"},"content":{"rendered":"<p>Le transat pliable Jane, avec son assise rembourr\u00e9e et son appui-t\u00eate, offre \u00e0 votre b\u00e9b\u00e9 un confort optimal pour se d\u00e9tendre.<\/p>\n<p>Caract\u00e9ristiques du transat pliable Jane\u00a0:<br \/>\n\u2022 Ultra-l\u00e9ger gr\u00e2ce \u00e0 sa structure 100\u00a0% aluminium<br \/>\n\u2022 Dossier multi-positions<br \/>\n\u2022 Syst\u00e8me de pliage ultra-compact<br \/>\n\u2022 Dispositif anti-balancement<br \/>\n\u2022 Arche de jeux amovible avec jouets en peluche<br \/>\n\u2022 Poign\u00e9es de transport pratiques incluses.<\/p>\n","protected":false},"excerpt":{"rendered":"<p>Am\u00e9liorez les vacances de vos b\u00e9b\u00e9, tandis que vous voyagez l\u00e9ger. Upababy loue Jane Fold rouge, mettant \u00e0 votre disposition o\u00f9 et quand vous en avez bes<\/p>\n","protected":false},"featured_media":1679,"comment_status":"closed","ping_status":"closed","template":"","meta":[],"product_cat":[111,112],"product_tag":[],"class_list":["post-2340","product","type-product","status-publish","has-post-thumbnail","hentry","product_cat-jouer-et-reposer","product_cat-transats-bebes"],"acf":[],"_links":{"self":[{"href":"https:\/\/www.upababy.pt\/fr\/wp-json\/wp\/v2\/product\/2340","targetHints":{"allow":["GET"]}}],"collection":[{"href":"https:\/\/www.upababy.pt\/fr\/wp-json\/wp\/v2\/product"}],"about":[{"href":"https:\/\/www.upababy.pt\/fr\/wp-json\/wp\/v2\/types\/product"}],"replies":[{"embeddable":true,"href":"https:\/\/www.upababy.pt\/fr\/wp-json\/wp\/v2\/comments?post=2340"}],"wp:featuredmedia":[{"embeddable":true,"href":"https:\/\/www.upababy.pt\/fr\/wp-json\/wp\/v2\/media\/1679"}],"wp:attachment":[{"href":"https:\/\/www.upababy.pt\/fr\/wp-json\/wp\/v2\/media?parent=2340"}],"wp:term":[{"taxonomy":"product_cat","embeddable":true,"href":"https:\/\/www.upababy.pt\/fr\/wp-json\/wp\/v2\/product_cat?post=2340"},{"taxonomy":"product_tag","embeddable":true,"href":"https:\/\/www.upababy.pt\/fr\/wp-json\/wp\/v2\/product_tag?post=2340"}],"curies":[{"name":"wp","href":"https:\/\/api.w.org\/{rel}","templated":true}]}}