{"id":2339,"date":"2022-02-21T10:24:28","date_gmt":"2022-02-21T10:24:28","guid":{"rendered":"http:\/\/upababy.pt\/produto\/concord-rio\/"},"modified":"2026-02-07T16:41:41","modified_gmt":"2026-02-07T16:41:41","slug":"concord-rio","status":"publish","type":"product","link":"https:\/\/www.upababy.pt\/fr\/produto\/concord-rio\/","title":{"rendered":"Concord Rio"},"content":{"rendered":"<p>Avec son design exceptionnel et l&#8217;alliance harmonieuse du bois et de l&#8217;aluminium, le transat pour b\u00e9b\u00e9 s&#8217;int\u00e8gre parfaitement \u00e0 tout int\u00e9rieur moderne. C\u00f4t\u00e9 fonctionnalit\u00e9s et \u00e9quipements, il r\u00e9pond \u00e0 toutes les exigences. Il propose quatre positions assises et inclin\u00e9es, ajustables selon le niveau d&#8217;activit\u00e9 de l&#8217;enfant. Lorsqu&#8217;il n&#8217;est pas utilis\u00e9, le Comcord Rio se plie facilement et rapidement, et se range dans un espace r\u00e9duit.<\/p>\n<p>Ouvert : 76 (L) x 49 (L) x 66 (H) cm | 29,92 (L) x 19,29 (L) x 25,98 (H) in<br \/>\nPli\u00e9 : 73 (L) x 49 (L) x 20 (H) cm | 28,74 (L) x 19,29 (L) x 7,87 (H) in<\/p>\n<p>Poids\u00a0: 4,2 kg (9,26 lbs)<\/p>\n","protected":false},"excerpt":{"rendered":"<p>Am\u00e9liorez les vacances de vos b\u00e9b\u00e9, tandis que vous voyagez l\u00e9ger. Upababy loue Concord Rio, mettant \u00e0 votre disposition o\u00f9 et quand vous en avez bes<\/p>\n","protected":false},"featured_media":1664,"comment_status":"closed","ping_status":"closed","template":"","meta":[],"product_cat":[111,112],"product_tag":[],"class_list":["post-2339","product","type-product","status-publish","has-post-thumbnail","hentry","product_cat-jouer-et-reposer","product_cat-transats-bebes"],"acf":[],"_links":{"self":[{"href":"https:\/\/www.upababy.pt\/fr\/wp-json\/wp\/v2\/product\/2339","targetHints":{"allow":["GET"]}}],"collection":[{"href":"https:\/\/www.upababy.pt\/fr\/wp-json\/wp\/v2\/product"}],"about":[{"href":"https:\/\/www.upababy.pt\/fr\/wp-json\/wp\/v2\/types\/product"}],"replies":[{"embeddable":true,"href":"https:\/\/www.upababy.pt\/fr\/wp-json\/wp\/v2\/comments?post=2339"}],"wp:featuredmedia":[{"embeddable":true,"href":"https:\/\/www.upababy.pt\/fr\/wp-json\/wp\/v2\/media\/1664"}],"wp:attachment":[{"href":"https:\/\/www.upababy.pt\/fr\/wp-json\/wp\/v2\/media?parent=2339"}],"wp:term":[{"taxonomy":"product_cat","embeddable":true,"href":"https:\/\/www.upababy.pt\/fr\/wp-json\/wp\/v2\/product_cat?post=2339"},{"taxonomy":"product_tag","embeddable":true,"href":"https:\/\/www.upababy.pt\/fr\/wp-json\/wp\/v2\/product_tag?post=2339"}],"curies":[{"name":"wp","href":"https:\/\/api.w.org\/{rel}","templated":true}]}}