{"id":2336,"date":"2022-02-21T10:24:28","date_gmt":"2022-02-21T10:24:28","guid":{"rendered":"http:\/\/upababy.pt\/produto\/quinny-maxi-cosi-isofix-siege-dauto\/"},"modified":"2022-02-23T16:37:44","modified_gmt":"2022-02-23T16:37:44","slug":"quinny-maxi-cosi-isofix-siege-dauto","status":"publish","type":"product","link":"https:\/\/www.upababy.pt\/fr\/produto\/quinny-maxi-cosi-isofix-siege-dauto\/","title":{"rendered":"Quinny Maxi Cosi isofix si\u00e8ge d&#8217;auto"},"content":{"rendered":"<p>The Quinny chassis is quite flexible with its three wheels and its iconic handle. The chassis closes in a very compact way. The Maxi-Cosi black car seat is suitable for babies weighing between 0 and 13 kilos. It is light and fast to carry. It also has a lateral protection system that optimizes safety.<br \/>\nThe isofix base ensures complete baby safety. It is a practical and resistant base that has sound and luminous confirmation of the correct installation of the chair in the vehicle.<\/p>\n","protected":false},"excerpt":{"rendered":"<p>Am\u00e9liorez les vacances de vos b\u00e9b\u00e9, tandis que vous voyagez l\u00e9ger. Upababy loue Quinny + Maxi-cosi si\u00e8ge d&#8217;auto, mettant \u00e0 votre disposition o\u00f9 et quand<\/p>\n","protected":false},"featured_media":1622,"comment_status":"closed","ping_status":"closed","template":"","meta":[],"product_cat":[140],"product_tag":[],"class_list":["post-2336","product","type-product","status-publish","has-post-thumbnail","hentry","product_cat-uncategorized-fr"],"acf":[],"_links":{"self":[{"href":"https:\/\/www.upababy.pt\/fr\/wp-json\/wp\/v2\/product\/2336","targetHints":{"allow":["GET"]}}],"collection":[{"href":"https:\/\/www.upababy.pt\/fr\/wp-json\/wp\/v2\/product"}],"about":[{"href":"https:\/\/www.upababy.pt\/fr\/wp-json\/wp\/v2\/types\/product"}],"replies":[{"embeddable":true,"href":"https:\/\/www.upababy.pt\/fr\/wp-json\/wp\/v2\/comments?post=2336"}],"wp:featuredmedia":[{"embeddable":true,"href":"https:\/\/www.upababy.pt\/fr\/wp-json\/wp\/v2\/media\/1622"}],"wp:attachment":[{"href":"https:\/\/www.upababy.pt\/fr\/wp-json\/wp\/v2\/media?parent=2336"}],"wp:term":[{"taxonomy":"product_cat","embeddable":true,"href":"https:\/\/www.upababy.pt\/fr\/wp-json\/wp\/v2\/product_cat?post=2336"},{"taxonomy":"product_tag","embeddable":true,"href":"https:\/\/www.upababy.pt\/fr\/wp-json\/wp\/v2\/product_tag?post=2336"}],"curies":[{"name":"wp","href":"https:\/\/api.w.org\/{rel}","templated":true}]}}