{"id":2335,"date":"2022-02-21T10:24:28","date_gmt":"2022-02-21T10:24:28","guid":{"rendered":"http:\/\/upababy.pt\/produto\/britax-4-romer-carrycot\/"},"modified":"2026-02-03T21:59:49","modified_gmt":"2026-02-03T21:59:49","slug":"britax-4-romer-carrycot","status":"publish","type":"product","link":"https:\/\/www.upababy.pt\/fr\/produto\/britax-4-romer-carrycot\/","title":{"rendered":"Britax 4 + R\u00f6mer carrycot"},"content":{"rendered":"<p>La poussette Britax 4 avec nacelle convient aux b\u00e9b\u00e9s de 0 \u00e0 6 mois. Sa nacelle est tr\u00e8s confortable et l\u00e9g\u00e8re. Gr\u00e2ce au syst\u00e8me CLICK &#038; GO\u00ae, la nacelle se fixe au ch\u00e2ssis rapidement et sans effort.<\/p>\n<p>Le ch\u00e2ssis de la Britax 4 est robuste et r\u00e9sistant. Son cadre en aluminium noir offre une base stable \u00e0 la nacelle. La poign\u00e9e, recouverte de mousse, est r\u00e9glable en hauteur (81 \u00e0 110 cm). Les pneus avant et arri\u00e8re sont en caoutchouc r\u00e9sistant et gonflable. La suspension assure une conduite tout en douceur.<br \/>\nLe ch\u00e2ssis s&#8217;ouvre et se ferme tr\u00e8s facilement d&#8217;une seule main.<\/p>\n<p>D\u00e9tails\u00a0:<br \/>\nLa nacelle comprend un matelas moelleux pour un confort optimal de votre b\u00e9b\u00e9.<br \/>\nDimensions de la nacelle (L x l)\u00a0: 28-32 x 75 cm (11-12.60 x 29.53 in)<\/p>\n<p>Dimensions du ch\u00e2ssis ouvert : 105 cm (H) x 58 cm (W) x 100 cm (L) | (41.33 in (H) x 22.83 in (W) x 39.37 in (L)<br \/>\nDimensions du ch\u00e2ssis ferm\u00e9 : 27 cm (H) x 58 cm (W) x 27 cm (L) | (10.63 in (H) x 22.83 in (W) x 10.63 in (L)<br \/>\nPoids du ch\u00e2ssis : 10,5 kg (23.14 lbs)<\/p>\n<p>De la naissance \u00e0 6 mois<\/p>\n","protected":false},"excerpt":{"rendered":"<p>Am\u00e9liorez les vacances de vos b\u00e9b\u00e9, tandis que vous voyagez l\u00e9ger. Upababy loue Britax 4 + Romer carrycot, mettant \u00e0 votre disposition o\u00f9 et quand vous<\/p>\n","protected":false},"featured_media":1613,"comment_status":"closed","ping_status":"closed","template":"","meta":[],"product_cat":[107,106],"product_tag":[],"class_list":["post-2335","product","type-product","status-publish","has-post-thumbnail","hentry","product_cat-poussettes-0-9-moins","product_cat-poussettes-de-bebe"],"acf":[],"_links":{"self":[{"href":"https:\/\/www.upababy.pt\/fr\/wp-json\/wp\/v2\/product\/2335","targetHints":{"allow":["GET"]}}],"collection":[{"href":"https:\/\/www.upababy.pt\/fr\/wp-json\/wp\/v2\/product"}],"about":[{"href":"https:\/\/www.upababy.pt\/fr\/wp-json\/wp\/v2\/types\/product"}],"replies":[{"embeddable":true,"href":"https:\/\/www.upababy.pt\/fr\/wp-json\/wp\/v2\/comments?post=2335"}],"wp:featuredmedia":[{"embeddable":true,"href":"https:\/\/www.upababy.pt\/fr\/wp-json\/wp\/v2\/media\/1613"}],"wp:attachment":[{"href":"https:\/\/www.upababy.pt\/fr\/wp-json\/wp\/v2\/media?parent=2335"}],"wp:term":[{"taxonomy":"product_cat","embeddable":true,"href":"https:\/\/www.upababy.pt\/fr\/wp-json\/wp\/v2\/product_cat?post=2335"},{"taxonomy":"product_tag","embeddable":true,"href":"https:\/\/www.upababy.pt\/fr\/wp-json\/wp\/v2\/product_tag?post=2335"}],"curies":[{"name":"wp","href":"https:\/\/api.w.org\/{rel}","templated":true}]}}