{"id":2334,"date":"2022-02-21T10:24:28","date_gmt":"2022-02-21T10:24:28","guid":{"rendered":"http:\/\/upababy.pt\/produto\/britax-b-motion-4\/"},"modified":"2026-02-04T11:11:05","modified_gmt":"2026-02-04T11:11:05","slug":"britax-b-motion-4","status":"publish","type":"product","link":"https:\/\/www.upababy.pt\/fr\/produto\/britax-b-motion-4\/","title":{"rendered":"Britax B-Motion 4"},"content":{"rendered":"<p><u>Location poussette Britax B-Motion 4<\/u><\/p>\n<p>La poussette Britax B-Motion 4 offre un confort optimal pour une agr\u00e9able promenade avec votre b\u00e9b\u00e9. L\u00e9g\u00e8re, facile et rapide \u00e0 plier d&#8217;une seule main gr\u00e2ce \u00e0 son syst\u00e8me de fermeture simple et pratique, elle est dot\u00e9e d&#8217;un si\u00e8ge inclinable multipositions et d&#8217;une grande capote. Le guidon est r\u00e9glable en hauteur et les roues arri\u00e8re sont \u00e9quip\u00e9es d&#8217;un frein au pied.<\/p>\n<p>Caract\u00e9ristiques<br \/>\n\u2022 Se plie d&#8217;une seule main<br \/>\n\u2022 Suspension sur 4 roues<br \/>\n\u2022 4 roues souples gonflables<br \/>\n\u2022 Si\u00e8ge inclinable multi-positions<br \/>\n\u2022 Poign\u00e9e r\u00e9glable en hauteur<br \/>\n\u2022 Le cadre en aluminium l\u00e9ger de 10,5 Kg (23.14 lbs)<\/p>\n<p>1 \u00e0 4 ans | jusqu&#8217;\u00e0 17 kg (37.48 lbs)<\/p>\n","protected":false},"excerpt":{"rendered":"<p>Am\u00e9liorez les vacances de vos b\u00e9b\u00e9, tandis que vous voyagez l\u00e9ger. Upababy loue Britax B-motion 4, mettant \u00e0 votre disposition o\u00f9 et quand vous en avez beso<\/p>\n","protected":false},"featured_media":1601,"comment_status":"closed","ping_status":"closed","template":"","meta":[],"product_cat":[110,106],"product_tag":[],"class_list":["post-2334","product","type-product","status-publish","has-post-thumbnail","hentry","product_cat-poussettes-9-moins","product_cat-poussettes-de-bebe"],"acf":[],"_links":{"self":[{"href":"https:\/\/www.upababy.pt\/fr\/wp-json\/wp\/v2\/product\/2334","targetHints":{"allow":["GET"]}}],"collection":[{"href":"https:\/\/www.upababy.pt\/fr\/wp-json\/wp\/v2\/product"}],"about":[{"href":"https:\/\/www.upababy.pt\/fr\/wp-json\/wp\/v2\/types\/product"}],"replies":[{"embeddable":true,"href":"https:\/\/www.upababy.pt\/fr\/wp-json\/wp\/v2\/comments?post=2334"}],"wp:featuredmedia":[{"embeddable":true,"href":"https:\/\/www.upababy.pt\/fr\/wp-json\/wp\/v2\/media\/1601"}],"wp:attachment":[{"href":"https:\/\/www.upababy.pt\/fr\/wp-json\/wp\/v2\/media?parent=2334"}],"wp:term":[{"taxonomy":"product_cat","embeddable":true,"href":"https:\/\/www.upababy.pt\/fr\/wp-json\/wp\/v2\/product_cat?post=2334"},{"taxonomy":"product_tag","embeddable":true,"href":"https:\/\/www.upababy.pt\/fr\/wp-json\/wp\/v2\/product_tag?post=2334"}],"curies":[{"name":"wp","href":"https:\/\/api.w.org\/{rel}","templated":true}]}}