{"id":2333,"date":"2022-02-21T10:24:28","date_gmt":"2022-02-21T10:24:28","guid":{"rendered":"http:\/\/upababy.pt\/produto\/britax-4-baby-safe-plus-shr-ii\/"},"modified":"2026-02-03T21:48:28","modified_gmt":"2026-02-03T21:48:28","slug":"britax-4-baby-safe-plus-shr-ii","status":"publish","type":"product","link":"https:\/\/www.upababy.pt\/fr\/produto\/britax-4-baby-safe-plus-shr-ii\/","title":{"rendered":"Britax 4 + Baby-Safe Plus SHR II"},"content":{"rendered":"<p>Cet ensemble offre un confort optimal pour une agr\u00e9able promenade avec votre b\u00e9b\u00e9.<\/p>\n<p>Caract\u00e9ristiques du ch\u00e2ssis\u00a0:<br \/>\n\u2022 Fermeture \u00e0 une main<br \/>\n\u2022 Guidon r\u00e9glable en hauteur<br \/>\n\u2022 Suspension arri\u00e8re<br \/>\n\u2022 Pneus gonflables en caoutchouc<br \/>\n\u2022 Structure en aluminium, poids\u00a0: 10,5\u00a0kg (23.14 lbs)<\/p>\n<p>Le si\u00e8ge auto allie des caract\u00e9ristiques de s\u00e9curit\u00e9 avanc\u00e9es \u00e0 un environnement adapt\u00e9 aux b\u00e9b\u00e9s.<\/p>\n<p>Caract\u00e9ristiques du si\u00e8ge auto\u00a0:<br \/>\n\u2022 Harnais \u00e0 cinq points r\u00e9glable en hauteur<br \/>\n\u2022 Capote incluse<\/p>\n<p>\u2022 Technologie D-SIP contre les chocs lat\u00e9raux<\/p>\n<p>Jusqu\u2019\u00e0 13\u00a0kg (28.7 lbs)<br \/>\nDe la naissance \u00e0 12\u00a0mois<\/p>\n","protected":false},"excerpt":{"rendered":"<p>Am\u00e9liorez les vacances de vos b\u00e9b\u00e9, tandis que vous voyagez l\u00e9ger. Upababy loue Britax 4 + Baby-safe plus, mettant \u00e0 votre disposition o\u00f9 et quand vous<\/p>\n","protected":false},"featured_media":1589,"comment_status":"closed","ping_status":"closed","template":"","meta":[],"product_cat":[107,106],"product_tag":[],"class_list":["post-2333","product","type-product","status-publish","has-post-thumbnail","hentry","product_cat-poussettes-0-9-moins","product_cat-poussettes-de-bebe"],"acf":[],"_links":{"self":[{"href":"https:\/\/www.upababy.pt\/fr\/wp-json\/wp\/v2\/product\/2333","targetHints":{"allow":["GET"]}}],"collection":[{"href":"https:\/\/www.upababy.pt\/fr\/wp-json\/wp\/v2\/product"}],"about":[{"href":"https:\/\/www.upababy.pt\/fr\/wp-json\/wp\/v2\/types\/product"}],"replies":[{"embeddable":true,"href":"https:\/\/www.upababy.pt\/fr\/wp-json\/wp\/v2\/comments?post=2333"}],"wp:featuredmedia":[{"embeddable":true,"href":"https:\/\/www.upababy.pt\/fr\/wp-json\/wp\/v2\/media\/1589"}],"wp:attachment":[{"href":"https:\/\/www.upababy.pt\/fr\/wp-json\/wp\/v2\/media?parent=2333"}],"wp:term":[{"taxonomy":"product_cat","embeddable":true,"href":"https:\/\/www.upababy.pt\/fr\/wp-json\/wp\/v2\/product_cat?post=2333"},{"taxonomy":"product_tag","embeddable":true,"href":"https:\/\/www.upababy.pt\/fr\/wp-json\/wp\/v2\/product_tag?post=2333"}],"curies":[{"name":"wp","href":"https:\/\/api.w.org\/{rel}","templated":true}]}}