{"id":2331,"date":"2022-02-21T10:24:28","date_gmt":"2022-02-21T10:24:28","guid":{"rendered":"http:\/\/upababy.pt\/produto\/romer-dualfix-0-1-2\/"},"modified":"2026-02-02T16:21:41","modified_gmt":"2026-02-02T16:21:41","slug":"romer-dualfix-0-1-2","status":"publish","type":"product","link":"https:\/\/www.upababy.pt\/fr\/produto\/romer-dualfix-0-1-2\/","title":{"rendered":"Romer DualFix 0+\/1"},"content":{"rendered":"<p>Le si\u00e8ge auto pivote \u00e0 360\u00b0, facilitant l&#8217;installation de b\u00e9b\u00e9, puisqu&#8217;il peut \u00eatre orient\u00e9 vers la porti\u00e8re ou vers l&#8217;int\u00e9rieur du v\u00e9hicule.<br \/>\nDesign ergonomique et robuste pour un confort et une s\u00e9curit\u00e9 optimaux.<br \/>\nIl dispose de trois positions d&#8217;inclinaison et de sept positions de r\u00e9glage en hauteur pour l&#8217;appui-t\u00eate.<\/p>\n<p>Installation\u00a0:<br \/>\n\u2022 Si\u00e8ge auto install\u00e9 avec le syst\u00e8me Isofix<br \/>\n\u2022 B\u00e9b\u00e9 utilise la ceinture de s\u00e9curit\u00e9 du si\u00e8ge auto<\/p>\n<p>Groupe 0+\u00a0: Jusqu&#8217;\u00e0 13\u00a0kg (0-12\u00a0mois) &#8211; dos \u00e0 la route<br \/>\n(jusqu&#8217;\u00e0 13\u00a0kg)<\/p>\n<p>Groupe 1\u00a0: De 9 \u00e0 18\u00a0kg (1-4\u00a0ans) &#8211; dos \u00e0 la route ou face \u00e0 la route<br \/>\n(de 9 \u00e0 18\u00a0kg)<\/p>\n<p>Caract\u00e9ristiques\u00a0:<br \/>\nSi\u00e8ge spacieux\u00a0: largeur int\u00e9rieure de 32\u00a0cm (12.60 in) et hauteur du dossier de 54\u00a0cm (21.25 in).<br \/>\nDimensions\u00a0: 78\u00a0x\u00a045\u00a0x\u00a053\u00a0cm (30.71 x 17.72 x 20.86 in)<br \/>\nPoids\u00a0: 14,7\u00a0kg (32.40 lbs)<\/p>\n","protected":false},"excerpt":{"rendered":"<p>Am\u00e9liorez les vacances de vos b\u00e9b\u00e9, tandis que vous voyagez l\u00e9ger. Upababy loue Romer DualFix 0+\/1, mettant \u00e0 votre disposition o\u00f9 et quan<\/p>\n","protected":false},"featured_media":1559,"comment_status":"closed","ping_status":"closed","template":"","meta":[],"product_cat":[105,101],"product_tag":[],"class_list":["post-2331","product","type-product","status-publish","has-post-thumbnail","hentry","product_cat-groupe-1-1-4-ans","product_cat-sieges-dauto"],"acf":[],"_links":{"self":[{"href":"https:\/\/www.upababy.pt\/fr\/wp-json\/wp\/v2\/product\/2331","targetHints":{"allow":["GET"]}}],"collection":[{"href":"https:\/\/www.upababy.pt\/fr\/wp-json\/wp\/v2\/product"}],"about":[{"href":"https:\/\/www.upababy.pt\/fr\/wp-json\/wp\/v2\/types\/product"}],"replies":[{"embeddable":true,"href":"https:\/\/www.upababy.pt\/fr\/wp-json\/wp\/v2\/comments?post=2331"}],"wp:featuredmedia":[{"embeddable":true,"href":"https:\/\/www.upababy.pt\/fr\/wp-json\/wp\/v2\/media\/1559"}],"wp:attachment":[{"href":"https:\/\/www.upababy.pt\/fr\/wp-json\/wp\/v2\/media?parent=2331"}],"wp:term":[{"taxonomy":"product_cat","embeddable":true,"href":"https:\/\/www.upababy.pt\/fr\/wp-json\/wp\/v2\/product_cat?post=2331"},{"taxonomy":"product_tag","embeddable":true,"href":"https:\/\/www.upababy.pt\/fr\/wp-json\/wp\/v2\/product_tag?post=2331"}],"curies":[{"name":"wp","href":"https:\/\/api.w.org\/{rel}","templated":true}]}}