{"id":2330,"date":"2022-02-21T10:24:24","date_gmt":"2022-02-21T10:24:24","guid":{"rendered":"http:\/\/upababy.pt\/produto\/romer-dualfix-0-1\/"},"modified":"2026-02-02T15:25:07","modified_gmt":"2026-02-02T15:25:07","slug":"location-siege-auto-romer-dualfix","status":"publish","type":"product","link":"https:\/\/www.upababy.pt\/fr\/produto\/location-siege-auto-romer-dualfix\/","title":{"rendered":"Romer DualFix 0+\/1"},"content":{"rendered":"<p><u>Location siege auto Romer DualFix<\/u><\/p>\n<p>Le si\u00e8ge auto permet une rotation de 360\u00ba facilitant le placement du b\u00e9b\u00e9, puisqu&#8217;il peut \u00eatre tourn\u00e9 vers la porte ou dans la voiture.<br \/>\nConception ergonomique et robuste pour un maximum de confort et de s\u00e9curit\u00e9.<br \/>\nIl dispose de trois positions d&#8217;inclinaison et de 7 positions de r\u00e9glage de la hauteur de la t\u00eate.<\/p>\n<p>Installation :<br \/>\n&#8211; Si\u00e8ge auto install\u00e9 avec le syst\u00e8me Isofix<br \/>\n&#8211; Le b\u00e9b\u00e9 utilise les ceintures de s\u00e9curit\u00e9 du si\u00e8ge auto<\/p>\n<p>Pour les b\u00e9b\u00e9s de : 40 cm \u00e0 105 cm de hauteur ((15.75 in a 41.33 in de hauteur)<\/p>\n<p>Groupe 0+ : jusqu&#8217;\u00e0 13 Kg (0-12 mois) &#8211; vers l&#8217;arri\u00e8re<br \/>\n           (jusqu&#8217;\u00e0 28.7 lbs)<\/p>\n<p>Groupe 1 : de 9 \u00e0 18 Kg (1-4 ans) &#8211; vers l&#8217;arri\u00e8re ou vers l&#8217;avant<br \/>\n         (de 19.84 \u00e0 39.68 lbs)<\/p>\n<p>&nbsp;<\/p>\n<p style=\"text-align: center;\"><iframe loading=\"lazy\" title=\"YouTube video player\" src=\"https:\/\/www.youtube.com\/embed\/Ws_FhpWH9PI\" width=\"560\" height=\"315\" frameborder=\"0\" allowfullscreen=\"allowfullscreen\"><\/iframe><\/p>\n","protected":false},"excerpt":{"rendered":"<p>Am\u00e9liorez les vacances de vos b\u00e9b\u00e9, tandis que vous voyagez l\u00e9ger. Upababy loue Romer DualFix 0+\/1, mettant \u00e0 votre disposition o\u00f9 et quan<\/p>\n","protected":false},"featured_media":1544,"comment_status":"closed","ping_status":"closed","template":"","meta":[],"product_cat":[108,101],"product_tag":[],"class_list":["post-2330","product","type-product","status-publish","has-post-thumbnail","hentry","product_cat-groupe-0-0-9-mois","product_cat-sieges-dauto"],"acf":[],"_links":{"self":[{"href":"https:\/\/www.upababy.pt\/fr\/wp-json\/wp\/v2\/product\/2330","targetHints":{"allow":["GET"]}}],"collection":[{"href":"https:\/\/www.upababy.pt\/fr\/wp-json\/wp\/v2\/product"}],"about":[{"href":"https:\/\/www.upababy.pt\/fr\/wp-json\/wp\/v2\/types\/product"}],"replies":[{"embeddable":true,"href":"https:\/\/www.upababy.pt\/fr\/wp-json\/wp\/v2\/comments?post=2330"}],"wp:featuredmedia":[{"embeddable":true,"href":"https:\/\/www.upababy.pt\/fr\/wp-json\/wp\/v2\/media\/1544"}],"wp:attachment":[{"href":"https:\/\/www.upababy.pt\/fr\/wp-json\/wp\/v2\/media?parent=2330"}],"wp:term":[{"taxonomy":"product_cat","embeddable":true,"href":"https:\/\/www.upababy.pt\/fr\/wp-json\/wp\/v2\/product_cat?post=2330"},{"taxonomy":"product_tag","embeddable":true,"href":"https:\/\/www.upababy.pt\/fr\/wp-json\/wp\/v2\/product_tag?post=2330"}],"curies":[{"name":"wp","href":"https:\/\/api.w.org\/{rel}","templated":true}]}}