{"id":2329,"date":"2022-02-21T10:24:24","date_gmt":"2022-02-21T10:24:24","guid":{"rendered":"http:\/\/upababy.pt\/produto\/britax-b-agile-double\/"},"modified":"2022-04-25T04:33:06","modified_gmt":"2022-04-25T04:33:06","slug":"britax-b-agile-double","status":"publish","type":"product","link":"https:\/\/www.upababy.pt\/fr\/produto\/britax-b-agile-double\/","title":{"rendered":"Britax B-Agile double"},"content":{"rendered":"<p><u>Location poussette Britax B-Agile<\/u><\/p>\n<p>B-Agile Double est la preuve que les poussettes doubles peuvent \u00eatre l\u00e9g\u00e8res, maniables et simples \u00e0 plier. B-Agile Double est facile \u00e0 transporter et \u00e0 naviguer. Ce double intelligent passe par une porte standard et b\u00e9n\u00e9ficie d&#8217;une direction facile \u00e0 une main. La poussette a un pliage intelligent avec une traction \u00e0 une main et se tient debout lorsqu&#8217;elle est pli\u00e9e.<\/p>\n<p>Caract\u00e9ristiques<br \/>\n\u2022 Facile \u00e0 fermer en quelques secondes<br \/>\n\u2022 Suspension compl\u00e8te<br \/>\n\u2022 La poign\u00e9e r\u00e9glable en hauteur<br \/>\n\u2022 Structure pesant 13,2 Kg<\/p>\n<p>1 &#8211; 4 ans | 22kg \/ si\u00e8ge<\/p>\n","protected":false},"excerpt":{"rendered":"<p>Am\u00e9liorez les vacances de vos b\u00e9b\u00e9, tandis que vous voyagez l\u00e9ger. Upababy loue Britax B-Agile double, mettant \u00e0 votre disposition o\u00f9 et quand vous en avez<\/p>\n","protected":false},"featured_media":1529,"comment_status":"closed","ping_status":"closed","template":"","meta":[],"product_cat":[140],"product_tag":[],"class_list":["post-2329","product","type-product","status-publish","has-post-thumbnail","hentry","product_cat-uncategorized-fr"],"acf":[],"_links":{"self":[{"href":"https:\/\/www.upababy.pt\/fr\/wp-json\/wp\/v2\/product\/2329","targetHints":{"allow":["GET"]}}],"collection":[{"href":"https:\/\/www.upababy.pt\/fr\/wp-json\/wp\/v2\/product"}],"about":[{"href":"https:\/\/www.upababy.pt\/fr\/wp-json\/wp\/v2\/types\/product"}],"replies":[{"embeddable":true,"href":"https:\/\/www.upababy.pt\/fr\/wp-json\/wp\/v2\/comments?post=2329"}],"wp:featuredmedia":[{"embeddable":true,"href":"https:\/\/www.upababy.pt\/fr\/wp-json\/wp\/v2\/media\/1529"}],"wp:attachment":[{"href":"https:\/\/www.upababy.pt\/fr\/wp-json\/wp\/v2\/media?parent=2329"}],"wp:term":[{"taxonomy":"product_cat","embeddable":true,"href":"https:\/\/www.upababy.pt\/fr\/wp-json\/wp\/v2\/product_cat?post=2329"},{"taxonomy":"product_tag","embeddable":true,"href":"https:\/\/www.upababy.pt\/fr\/wp-json\/wp\/v2\/product_tag?post=2329"}],"curies":[{"name":"wp","href":"https:\/\/api.w.org\/{rel}","templated":true}]}}