{"id":2328,"date":"2022-02-21T10:24:24","date_gmt":"2022-02-21T10:24:24","guid":{"rendered":"http:\/\/upababy.pt\/produto\/maxi-cosi-cabriofix-0-2\/"},"modified":"2026-02-02T15:50:52","modified_gmt":"2026-02-02T15:50:52","slug":"maxi-cosi-cabriofix-0-2-fr-vr","status":"publish","type":"product","link":"https:\/\/www.upababy.pt\/fr\/produto\/maxi-cosi-cabriofix-0-2-fr-vr\/","title":{"rendered":"Maxi-Cosi CabrioFix 0+"},"content":{"rendered":"<p><u>Location de si\u00e8ge auto Maxi Cosi cabriofix 0+<\/u><\/p>\n<p>Le si\u00e8ge auto Maxi-Cosi CabrioFix est l\u00e9ger. Son confort est optimis\u00e9 gr\u00e2ce \u00e0 un rembourrage suppl\u00e9mentaire et \u00e0 un r\u00e9ducteur de taille pour les nouveau-n\u00e9s.<\/p>\n<p>Installation\u00a0:<br \/>\n\u2022 Le CabrioFix s\u2019installe avec la ceinture de s\u00e9curit\u00e9 du v\u00e9hicule.<br \/>\n\u2022 B\u00e9b\u00e9 utilise la ceinture de s\u00e9curit\u00e9 du si\u00e8ge auto.<\/p>\n<p>Pour les b\u00e9b\u00e9s mesurant entre 40 et 75\u00a0cm (15.75 in a 29.52 in)<\/p>\n<p>Groupe 0+\u00a0: jusqu\u2019\u00e0 13\u00a0kg (0-12\u00a0mois) \u2013 dos \u00e0 la route<br \/>\n          (jusqu\u2019\u00e0 28.7 lbs)<\/p>\n","protected":false},"excerpt":{"rendered":"<p>Am\u00e9liorez les vacances de vos b\u00e9b\u00e9, tandis que vous voyagez l\u00e9ger. Upababy loue Maxi-Cosi Cabriofix groupe 0 +, mettant \u00e0 votre disposition o\u00f9 et quan<\/p>\n","protected":false},"featured_media":1514,"comment_status":"closed","ping_status":"closed","template":"","meta":[],"product_cat":[108,101],"product_tag":[],"class_list":["post-2328","product","type-product","status-publish","has-post-thumbnail","hentry","product_cat-groupe-0-0-9-mois","product_cat-sieges-dauto"],"acf":[],"_links":{"self":[{"href":"https:\/\/www.upababy.pt\/fr\/wp-json\/wp\/v2\/product\/2328","targetHints":{"allow":["GET"]}}],"collection":[{"href":"https:\/\/www.upababy.pt\/fr\/wp-json\/wp\/v2\/product"}],"about":[{"href":"https:\/\/www.upababy.pt\/fr\/wp-json\/wp\/v2\/types\/product"}],"replies":[{"embeddable":true,"href":"https:\/\/www.upababy.pt\/fr\/wp-json\/wp\/v2\/comments?post=2328"}],"wp:featuredmedia":[{"embeddable":true,"href":"https:\/\/www.upababy.pt\/fr\/wp-json\/wp\/v2\/media\/1514"}],"wp:attachment":[{"href":"https:\/\/www.upababy.pt\/fr\/wp-json\/wp\/v2\/media?parent=2328"}],"wp:term":[{"taxonomy":"product_cat","embeddable":true,"href":"https:\/\/www.upababy.pt\/fr\/wp-json\/wp\/v2\/product_cat?post=2328"},{"taxonomy":"product_tag","embeddable":true,"href":"https:\/\/www.upababy.pt\/fr\/wp-json\/wp\/v2\/product_tag?post=2328"}],"curies":[{"name":"wp","href":"https:\/\/api.w.org\/{rel}","templated":true}]}}