{"id":2327,"date":"2022-02-21T10:24:24","date_gmt":"2022-02-21T10:24:24","guid":{"rendered":"http:\/\/upababy.pt\/produto\/quinny-maxi-cosi-siege-dauto\/"},"modified":"2022-02-23T16:37:37","modified_gmt":"2022-02-23T16:37:37","slug":"quinny-maxi-cosi-siege-dauto","status":"publish","type":"product","link":"https:\/\/www.upababy.pt\/fr\/produto\/quinny-maxi-cosi-siege-dauto\/","title":{"rendered":"Quinny Maxi Cosi si\u00e8ge d&#8217;auto"},"content":{"rendered":"<p>Le ch\u00e2ssis Quinny est tr\u00e8s souple, avec ses trois roues et son poing iconique. Le ch\u00e2ssis se ferme sous une forme tr\u00e8s compacte. Le si\u00e8ge de voiture couleur noire Maxi-Cosi est adapt\u00e9 pour b\u00e9b\u00e9s pesant entre 0 et 13 kilos. Il est l\u00e9ger et rapide \u00e0 r\u00e9aliser. Il a \u00e9galement le syst\u00e8me de protection lat\u00e9rale qui optimise la s\u00e9curit\u00e9.<\/p>\n","protected":false},"excerpt":{"rendered":"<p>Am\u00e9liorez les vacances de vos b\u00e9b\u00e9, tandis que vous voyagez l\u00e9ger. Upababy loue Quinny + Maxi-cosi si\u00e8ge d&#8217;auto, mettant \u00e0 votre disposition o\u00f9 et quand<\/p>\n","protected":false},"featured_media":1502,"comment_status":"closed","ping_status":"closed","template":"","meta":[],"product_cat":[140],"product_tag":[],"class_list":["post-2327","product","type-product","status-publish","has-post-thumbnail","hentry","product_cat-uncategorized-fr"],"acf":[],"_links":{"self":[{"href":"https:\/\/www.upababy.pt\/fr\/wp-json\/wp\/v2\/product\/2327","targetHints":{"allow":["GET"]}}],"collection":[{"href":"https:\/\/www.upababy.pt\/fr\/wp-json\/wp\/v2\/product"}],"about":[{"href":"https:\/\/www.upababy.pt\/fr\/wp-json\/wp\/v2\/types\/product"}],"replies":[{"embeddable":true,"href":"https:\/\/www.upababy.pt\/fr\/wp-json\/wp\/v2\/comments?post=2327"}],"wp:featuredmedia":[{"embeddable":true,"href":"https:\/\/www.upababy.pt\/fr\/wp-json\/wp\/v2\/media\/1502"}],"wp:attachment":[{"href":"https:\/\/www.upababy.pt\/fr\/wp-json\/wp\/v2\/media?parent=2327"}],"wp:term":[{"taxonomy":"product_cat","embeddable":true,"href":"https:\/\/www.upababy.pt\/fr\/wp-json\/wp\/v2\/product_cat?post=2327"},{"taxonomy":"product_tag","embeddable":true,"href":"https:\/\/www.upababy.pt\/fr\/wp-json\/wp\/v2\/product_tag?post=2327"}],"curies":[{"name":"wp","href":"https:\/\/api.w.org\/{rel}","templated":true}]}}