{"id":2326,"date":"2022-02-21T10:24:24","date_gmt":"2022-02-21T10:24:24","guid":{"rendered":"http:\/\/upababy.pt\/produto\/chicco-youniverse-1\/"},"modified":"2026-02-02T16:36:33","modified_gmt":"2026-02-02T16:36:33","slug":"chicco-youniverse-1","status":"publish","type":"product","link":"https:\/\/www.upababy.pt\/fr\/produto\/chicco-youniverse-1\/","title":{"rendered":"Chicco YOUniverse 1"},"content":{"rendered":"<p>Ce si\u00e8ge auto s&#8217;utilise face \u00e0 la route, install\u00e9 avec la ceinture de s\u00e9curit\u00e9 du v\u00e9hicule, et convient aux enfants de 9 \u00e0 18 kg (19.84-39.68 lbs). L&#8217;enfant est maintenu en toute s\u00e9curit\u00e9 par le harnais 5 points.<br \/>\nLe si\u00e8ge auto est inclinable en 3 positions pour un confort optimal.<br \/>\nL&#8217;appui-t\u00eate et les sangles d&#8217;\u00e9paules sont r\u00e9glables simultan\u00e9ment en hauteur.<br \/>\nPoids du si\u00e8ge auto\u00a0: 8,0 kg (17,63 lbs)<\/p>\n<p>Installation\u00a0:<br \/>\n\u2022 Le si\u00e8ge auto s&#8217;installe avec la ceinture de s\u00e9curit\u00e9 du v\u00e9hicule.<br \/>\n\u2022 L&#8217;enfant utilise la ceinture de s\u00e9curit\u00e9 du si\u00e8ge auto.<\/p>\n<p>Groupe 1\u00a0: 9-18 kg (1-4 ans) &#8211; face \u00e0 la route<br \/>\n         (19,84-39,68 lbs)<\/p>\n","protected":false},"excerpt":{"rendered":"<p>Am\u00e9liorez les vacances de vos b\u00e9b\u00e9, tandis que vous voyagez l\u00e9ger. Upababy loue Chicco YOUniverse 1, mettant \u00e0 votre disposition o\u00f9 et quand vous en<\/p>\n","protected":false},"featured_media":1490,"comment_status":"closed","ping_status":"closed","template":"","meta":[],"product_cat":[105,101],"product_tag":[],"class_list":["post-2326","product","type-product","status-publish","has-post-thumbnail","hentry","product_cat-groupe-1-1-4-ans","product_cat-sieges-dauto"],"acf":[],"_links":{"self":[{"href":"https:\/\/www.upababy.pt\/fr\/wp-json\/wp\/v2\/product\/2326","targetHints":{"allow":["GET"]}}],"collection":[{"href":"https:\/\/www.upababy.pt\/fr\/wp-json\/wp\/v2\/product"}],"about":[{"href":"https:\/\/www.upababy.pt\/fr\/wp-json\/wp\/v2\/types\/product"}],"replies":[{"embeddable":true,"href":"https:\/\/www.upababy.pt\/fr\/wp-json\/wp\/v2\/comments?post=2326"}],"wp:featuredmedia":[{"embeddable":true,"href":"https:\/\/www.upababy.pt\/fr\/wp-json\/wp\/v2\/media\/1490"}],"wp:attachment":[{"href":"https:\/\/www.upababy.pt\/fr\/wp-json\/wp\/v2\/media?parent=2326"}],"wp:term":[{"taxonomy":"product_cat","embeddable":true,"href":"https:\/\/www.upababy.pt\/fr\/wp-json\/wp\/v2\/product_cat?post=2326"},{"taxonomy":"product_tag","embeddable":true,"href":"https:\/\/www.upababy.pt\/fr\/wp-json\/wp\/v2\/product_tag?post=2326"}],"curies":[{"name":"wp","href":"https:\/\/api.w.org\/{rel}","templated":true}]}}