{"id":2325,"date":"2022-02-21T10:24:24","date_gmt":"2022-02-21T10:24:24","guid":{"rendered":"http:\/\/upababy.pt\/produto\/maxi-cosi-base-isofix\/"},"modified":"2026-02-02T15:40:09","modified_gmt":"2026-02-02T15:40:09","slug":"maxi-cosi-base-isofix","status":"publish","type":"product","link":"https:\/\/www.upababy.pt\/fr\/produto\/maxi-cosi-base-isofix\/","title":{"rendered":"Maxi-cosi + Base Isofix"},"content":{"rendered":"<p>Ce si\u00e8ge auto est l\u00e9ger et facile \u00e0 transporter.<br \/>\nLa base Isofix est r\u00e9sistante et dispose d&#8217;une confirmation sonore et lumineuse pour une installation et une utilisation correctes en voyage.<\/p>\n<p>Installation\u00a0:<br \/>\n\u2022 Installation de la base avec le syst\u00e8me Isofix<br \/>\n\u2022 Pour retirer le si\u00e8ge auto de la base, appuyez sur un bouton<br \/>\n\u2022 Pour voyager, il suffit de placer le si\u00e8ge auto sur la base (bip)<br \/>\n\u2022 Le b\u00e9b\u00e9 utilise la ceinture de s\u00e9curit\u00e9 du si\u00e8ge auto<\/p>\n<p>Groupe 0+\u00a0: jusqu&#8217;\u00e0 13\u00a0kg (0-12\u00a0mois) &#8211; dos \u00e0 la route<br \/>\n          (jusqu&#8217;\u00e0 28.7 lbs)<\/p>\n","protected":false},"excerpt":{"rendered":"<p>Am\u00e9liorez les vacances de vos b\u00e9b\u00e9, tandis que vous voyagez l\u00e9ger. Upababy loue Maxi-Cosi + base isofix, mettant \u00e0 votre disposition o\u00f9 et quan<\/p>\n","protected":false},"featured_media":1475,"comment_status":"closed","ping_status":"closed","template":"","meta":[],"product_cat":[108,101],"product_tag":[],"class_list":["post-2325","product","type-product","status-publish","has-post-thumbnail","hentry","product_cat-groupe-0-0-9-mois","product_cat-sieges-dauto"],"acf":[],"_links":{"self":[{"href":"https:\/\/www.upababy.pt\/fr\/wp-json\/wp\/v2\/product\/2325","targetHints":{"allow":["GET"]}}],"collection":[{"href":"https:\/\/www.upababy.pt\/fr\/wp-json\/wp\/v2\/product"}],"about":[{"href":"https:\/\/www.upababy.pt\/fr\/wp-json\/wp\/v2\/types\/product"}],"replies":[{"embeddable":true,"href":"https:\/\/www.upababy.pt\/fr\/wp-json\/wp\/v2\/comments?post=2325"}],"wp:featuredmedia":[{"embeddable":true,"href":"https:\/\/www.upababy.pt\/fr\/wp-json\/wp\/v2\/media\/1475"}],"wp:attachment":[{"href":"https:\/\/www.upababy.pt\/fr\/wp-json\/wp\/v2\/media?parent=2325"}],"wp:term":[{"taxonomy":"product_cat","embeddable":true,"href":"https:\/\/www.upababy.pt\/fr\/wp-json\/wp\/v2\/product_cat?post=2325"},{"taxonomy":"product_tag","embeddable":true,"href":"https:\/\/www.upababy.pt\/fr\/wp-json\/wp\/v2\/product_tag?post=2325"}],"curies":[{"name":"wp","href":"https:\/\/api.w.org\/{rel}","templated":true}]}}