{"id":2324,"date":"2022-02-21T10:24:24","date_gmt":"2022-02-21T10:24:24","guid":{"rendered":"http:\/\/upababy.pt\/produto\/britax-b-motion-3\/"},"modified":"2026-02-04T11:40:05","modified_gmt":"2026-02-04T11:40:05","slug":"britax-b-motion-3","status":"publish","type":"product","link":"https:\/\/www.upababy.pt\/fr\/produto\/britax-b-motion-3\/","title":{"rendered":"Britax B-Motion 3"},"content":{"rendered":"<p><u>Location poussette Britax B-Motion 3<\/u><\/p>\n<p>La poussette Britax B-Motion 3 offre une conduite confortable et agr\u00e9able \u00e0 votre enfant. Il est tr\u00e8s l\u00e9ger, se replie rapidement et facilement, B-Motion 3 est autoportant lorsqu&#8217;il est pli\u00e9 pour garder les tissus du si\u00e8ge \u00e0 l&#8217;abri de la salet\u00e9. Et gr\u00e2ce au m\u00e9canisme de pliage facile \u00e0 tirer d&#8217;une seule main, vous pouvez m\u00eame transporter votre enfant tout en repliant la poussette, vous offrant ainsi la flexibilit\u00e9 et la libert\u00e9 dont vous avez besoin en tant que parent. Sa double suspension et ses pneus en caoutchouc gonfl\u00e9s \u00e0 l&#8217;air assurent une conduite en douceur \u00e0 votre enfant.<\/p>\n<p>Caract\u00e9ristiques<br \/>\n\u2022 Se plie d&#8217;une seule main<br \/>\n\u2022 Si\u00e8ge inclinable en plusieurs positions<br \/>\n\u2022 Suspension sur les 3 roues<br \/>\n\u2022 3 roues gonflables souples<br \/>\n\u2022 Poign\u00e9e r\u00e9glable en hauteur<br \/>\n\u2022 Pneus gonflables en caoutchouc<br \/>\n\u2022 Cadre en aluminium de 11,5 kg (25.4 lbs)<\/p>\n<p>1 &#8211; 4 ans | jusqu&#8217;\u00e0 17 kg (37.48 lbs)<\/p>\n","protected":false},"excerpt":{"rendered":"<p>Am\u00e9liorez les vacances de vos b\u00e9b\u00e9, tandis que vous voyagez l\u00e9ger. Upababy loue Britax B-motion, mettant \u00e0 votre disposition o\u00f9 et quand vous en avez besoin<\/p>\n","protected":false},"featured_media":1460,"comment_status":"closed","ping_status":"closed","template":"","meta":[],"product_cat":[110,106],"product_tag":[],"class_list":["post-2324","product","type-product","status-publish","has-post-thumbnail","hentry","product_cat-poussettes-9-moins","product_cat-poussettes-de-bebe"],"acf":[],"_links":{"self":[{"href":"https:\/\/www.upababy.pt\/fr\/wp-json\/wp\/v2\/product\/2324","targetHints":{"allow":["GET"]}}],"collection":[{"href":"https:\/\/www.upababy.pt\/fr\/wp-json\/wp\/v2\/product"}],"about":[{"href":"https:\/\/www.upababy.pt\/fr\/wp-json\/wp\/v2\/types\/product"}],"replies":[{"embeddable":true,"href":"https:\/\/www.upababy.pt\/fr\/wp-json\/wp\/v2\/comments?post=2324"}],"wp:featuredmedia":[{"embeddable":true,"href":"https:\/\/www.upababy.pt\/fr\/wp-json\/wp\/v2\/media\/1460"}],"wp:attachment":[{"href":"https:\/\/www.upababy.pt\/fr\/wp-json\/wp\/v2\/media?parent=2324"}],"wp:term":[{"taxonomy":"product_cat","embeddable":true,"href":"https:\/\/www.upababy.pt\/fr\/wp-json\/wp\/v2\/product_cat?post=2324"},{"taxonomy":"product_tag","embeddable":true,"href":"https:\/\/www.upababy.pt\/fr\/wp-json\/wp\/v2\/product_tag?post=2324"}],"curies":[{"name":"wp","href":"https:\/\/api.w.org\/{rel}","templated":true}]}}