{"id":2323,"date":"2022-02-21T10:24:24","date_gmt":"2022-02-21T10:24:24","guid":{"rendered":"http:\/\/upababy.pt\/produto\/baby-jogger-summit\/"},"modified":"2026-02-04T11:30:43","modified_gmt":"2026-02-04T11:30:43","slug":"baby-jogger-summit","status":"publish","type":"product","link":"https:\/\/www.upababy.pt\/fr\/produto\/baby-jogger-summit\/","title":{"rendered":"Baby Jogger summit"},"content":{"rendered":"<p><u>Location poussette Baby Jogger summit<\/u><\/p>\n<p>Allez n&#8217;importe o\u00f9 avec ce jogger\/poussette hybride tr\u00e8s maniable. Avec sa suspension int\u00e9grale, le Summit X3 offre des performances exceptionnelles sur tous les terrains.<br \/>\nSe ferme d&#8217;une seule main.<br \/>\nLe Summit X3 a des roues pneumatiques, des roues avant de 12&#8221; et des roues arri\u00e8re de 16&#8221;, avec une suspension ind\u00e9pendante pour rendre la conduite aussi douce que possible.<br \/>\nSon si\u00e8ge s&#8217;incline presque \u00e0 plat avec des \u00e9vents et une housse r\u00e9tractable pour s&#8217;assurer que votre enfant est confortable et en s\u00e9curit\u00e9 pendant que vous vous promenez. Auvent UV 50+ avec fen\u00eatre Peekaboo pour garder l&#8217;enfant \u00e0 l&#8217;ombre tout en vous permettant de vous enregistrer facilement.<\/p>\n<p>Caract\u00e9ristiques<br \/>\n\u2022 Se ferme d&#8217;une seule main<br \/>\n\u2022 Inclinable en plusieurs positions<br \/>\n\u2022 Suspension \u00e0 3 roues<br \/>\n\u2022 3 roues gonflables souples<br \/>\n\u2022 Grandes roues<br \/>\n\u2022 Cadre en aluminium, poids : 12,7 kg (28 lbs)<\/p>\n<p>1 \u00e0 5 ans | Jusqu&#8217;\u00e0 22 kg (48.50 lbs)<br \/>\nPour les enfants mesurant jusqu&#8217;\u00e0 112 cm (44.09 in)<\/p>\n","protected":false},"excerpt":{"rendered":"<p>Am\u00e9liorez les vacances de vos b\u00e9b\u00e9, tandis que vous voyagez l\u00e9ger. Upababy loue Baby Jogger, mettant \u00e0 votre disposition o\u00f9 et quand vous en avez besoin,<\/p>\n","protected":false},"featured_media":1445,"comment_status":"closed","ping_status":"closed","template":"","meta":[],"product_cat":[110,106],"product_tag":[],"class_list":["post-2323","product","type-product","status-publish","has-post-thumbnail","hentry","product_cat-poussettes-9-moins","product_cat-poussettes-de-bebe"],"acf":[],"_links":{"self":[{"href":"https:\/\/www.upababy.pt\/fr\/wp-json\/wp\/v2\/product\/2323","targetHints":{"allow":["GET"]}}],"collection":[{"href":"https:\/\/www.upababy.pt\/fr\/wp-json\/wp\/v2\/product"}],"about":[{"href":"https:\/\/www.upababy.pt\/fr\/wp-json\/wp\/v2\/types\/product"}],"replies":[{"embeddable":true,"href":"https:\/\/www.upababy.pt\/fr\/wp-json\/wp\/v2\/comments?post=2323"}],"wp:featuredmedia":[{"embeddable":true,"href":"https:\/\/www.upababy.pt\/fr\/wp-json\/wp\/v2\/media\/1445"}],"wp:attachment":[{"href":"https:\/\/www.upababy.pt\/fr\/wp-json\/wp\/v2\/media?parent=2323"}],"wp:term":[{"taxonomy":"product_cat","embeddable":true,"href":"https:\/\/www.upababy.pt\/fr\/wp-json\/wp\/v2\/product_cat?post=2323"},{"taxonomy":"product_tag","embeddable":true,"href":"https:\/\/www.upababy.pt\/fr\/wp-json\/wp\/v2\/product_tag?post=2323"}],"curies":[{"name":"wp","href":"https:\/\/api.w.org\/{rel}","templated":true}]}}