{"id":2322,"date":"2022-02-21T10:24:24","date_gmt":"2022-02-21T10:24:24","guid":{"rendered":"http:\/\/upababy.pt\/produto\/noir-romer-kidfix-groupe-2-3\/"},"modified":"2026-02-03T21:23:32","modified_gmt":"2026-02-03T21:23:32","slug":"noir-romer-kidfix-groupe-2-3","status":"publish","type":"product","link":"https:\/\/www.upababy.pt\/fr\/produto\/noir-romer-kidfix-groupe-2-3\/","title":{"rendered":"Noir R\u00f6mer Kidfix groupe 2\/3"},"content":{"rendered":"<p>Le KIDFIX SL est un si\u00e8ge rehausseur \u00e0 dossier haut offrant des options d&#8217;installation flexibles pour s&#8217;adapter \u00e0 tous les v\u00e9hicules, du syst\u00e8me innovant ISOFIT avec Soft Latch \u00e0 la ceinture de s\u00e9curit\u00e9 3 points. Il facilite le transfert et l&#8217;installation du si\u00e8ge pour r\u00e9pondre aux besoins des modes de vie les plus actifs.<\/p>\n<p>Installation :<br \/>\n\u2022 Installation avec syst\u00e8me Isofix<br \/>\n\u2022 L\u2019enfant utilise les ceintures de s\u00e9curit\u00e9 du v\u00e9hicule.<\/p>\n<p>Groupe 2\/3 : de 15 \u00e0 36 kg (4 \u00e0 12 ans)<br \/>\n         (de 33.01 \u00e0 77.36 lsb)<\/p>\n","protected":false},"excerpt":{"rendered":"<p>Am\u00e9liorez les vacances de vos b\u00e9b\u00e9, tandis que vous voyagez l\u00e9ger. Upababy loue Noir R\u00f6mer Kid groupe 2\/3, mettant \u00e0 votre disposition o\u00f9 et quand vous en a<\/p>\n","protected":false},"featured_media":1433,"comment_status":"closed","ping_status":"closed","template":"","meta":[],"product_cat":[102,101],"product_tag":[],"class_list":["post-2322","product","type-product","status-publish","has-post-thumbnail","hentry","product_cat-groupe-2-3-4-12-ans","product_cat-sieges-dauto"],"acf":[],"_links":{"self":[{"href":"https:\/\/www.upababy.pt\/fr\/wp-json\/wp\/v2\/product\/2322","targetHints":{"allow":["GET"]}}],"collection":[{"href":"https:\/\/www.upababy.pt\/fr\/wp-json\/wp\/v2\/product"}],"about":[{"href":"https:\/\/www.upababy.pt\/fr\/wp-json\/wp\/v2\/types\/product"}],"replies":[{"embeddable":true,"href":"https:\/\/www.upababy.pt\/fr\/wp-json\/wp\/v2\/comments?post=2322"}],"wp:featuredmedia":[{"embeddable":true,"href":"https:\/\/www.upababy.pt\/fr\/wp-json\/wp\/v2\/media\/1433"}],"wp:attachment":[{"href":"https:\/\/www.upababy.pt\/fr\/wp-json\/wp\/v2\/media?parent=2322"}],"wp:term":[{"taxonomy":"product_cat","embeddable":true,"href":"https:\/\/www.upababy.pt\/fr\/wp-json\/wp\/v2\/product_cat?post=2322"},{"taxonomy":"product_tag","embeddable":true,"href":"https:\/\/www.upababy.pt\/fr\/wp-json\/wp\/v2\/product_tag?post=2322"}],"curies":[{"name":"wp","href":"https:\/\/api.w.org\/{rel}","templated":true}]}}