{"id":2319,"date":"2022-02-21T10:24:24","date_gmt":"2022-02-21T10:24:24","guid":{"rendered":"http:\/\/upababy.pt\/produto\/poussettes-classiques\/"},"modified":"2023-07-13T07:50:52","modified_gmt":"2023-07-13T07:50:52","slug":"poussettes-classiques","status":"publish","type":"product","link":"https:\/\/www.upababy.pt\/fr\/produto\/poussettes-classiques\/","title":{"rendered":"Poussettes classiques"},"content":{"rendered":"<p>The elegant design, inspired by the traditional prams of the British Court, has always made this pram an icon of elegance and style. The rigorous quality standards by which it is conceived and the use of traditional artisan practice in its production make this pram an ideal place for your baby to rest, in the certainty that he will enjoy comfort. Classica is designed for those who want an exclusive pram, to admire and remember.<\/p>\n","protected":false},"excerpt":{"rendered":"<p>Louer \u00e0 Upababy landaus de design classique et faire votre enfant de la star du parti dans les bapt\u00eames, mariages, \u00e9v\u00e9nements et occasions sp\u00e9ciales<\/p>\n","protected":false},"featured_media":1397,"comment_status":"closed","ping_status":"closed","template":"","meta":[],"product_cat":[109,106],"product_tag":[],"class_list":["post-2319","product","type-product","status-publish","has-post-thumbnail","hentry","product_cat-poussettes-classiques","product_cat-poussettes-de-bebe"],"acf":[],"_links":{"self":[{"href":"https:\/\/www.upababy.pt\/fr\/wp-json\/wp\/v2\/product\/2319","targetHints":{"allow":["GET"]}}],"collection":[{"href":"https:\/\/www.upababy.pt\/fr\/wp-json\/wp\/v2\/product"}],"about":[{"href":"https:\/\/www.upababy.pt\/fr\/wp-json\/wp\/v2\/types\/product"}],"replies":[{"embeddable":true,"href":"https:\/\/www.upababy.pt\/fr\/wp-json\/wp\/v2\/comments?post=2319"}],"wp:featuredmedia":[{"embeddable":true,"href":"https:\/\/www.upababy.pt\/fr\/wp-json\/wp\/v2\/media\/1397"}],"wp:attachment":[{"href":"https:\/\/www.upababy.pt\/fr\/wp-json\/wp\/v2\/media?parent=2319"}],"wp:term":[{"taxonomy":"product_cat","embeddable":true,"href":"https:\/\/www.upababy.pt\/fr\/wp-json\/wp\/v2\/product_cat?post=2319"},{"taxonomy":"product_tag","embeddable":true,"href":"https:\/\/www.upababy.pt\/fr\/wp-json\/wp\/v2\/product_tag?post=2319"}],"curies":[{"name":"wp","href":"https:\/\/api.w.org\/{rel}","templated":true}]}}