{"id":2318,"date":"2022-02-21T10:24:24","date_gmt":"2022-02-21T10:24:24","guid":{"rendered":"http:\/\/upababy.pt\/produto\/romer-duo-plus\/"},"modified":"2026-02-02T16:30:19","modified_gmt":"2026-02-02T16:30:19","slug":"romer-duo-plus","status":"publish","type":"product","link":"https:\/\/www.upababy.pt\/fr\/produto\/romer-duo-plus\/","title":{"rendered":"R\u00f6mer Duo Plus"},"content":{"rendered":"<p>Ce si\u00e8ge auto offre deux options d&#8217;installation : le syst\u00e8me ISOFIX ou la ceinture de s\u00e9curit\u00e9 3 points. Dossier r\u00e9glable. Le r\u00e9glage en hauteur de l&#8217;appui-t\u00eate et du harnais assure le confort de b\u00e9b\u00e9.<br \/>\nProtections lat\u00e9rales rembourr\u00e9es pour une protection contre les chocs lat\u00e9raux.<\/p>\n<p>Installation :<br \/>\n\u2022 Installation avec le syst\u00e8me ISOFIX ou avec la ceinture de s\u00e9curit\u00e9 du v\u00e9hicule<br \/>\n\u2022 B\u00e9b\u00e9 utilise la ceinture de s\u00e9curit\u00e9 du si\u00e8ge auto<\/p>\n<p>Groupe 1 : de 9 \u00e0 18 kg (1 \u00e0 4 ans) &#8211; face \u00e0 la route<br \/>\n        (de 19.84-39.68 lbs)<\/p>\n","protected":false},"excerpt":{"rendered":"<p>Am\u00e9liorez les vacances de vos b\u00e9b\u00e9, tandis que vous voyagez l\u00e9ger. Upababy loue R\u00f6mer Duo Plus isofix groupe 1 kim, mettant \u00e0 votre disposition o\u00f9 et quand<\/p>\n","protected":false},"featured_media":1385,"comment_status":"closed","ping_status":"closed","template":"","meta":[],"product_cat":[105,101],"product_tag":[],"class_list":["post-2318","product","type-product","status-publish","has-post-thumbnail","hentry","product_cat-groupe-1-1-4-ans","product_cat-sieges-dauto"],"acf":[],"_links":{"self":[{"href":"https:\/\/www.upababy.pt\/fr\/wp-json\/wp\/v2\/product\/2318","targetHints":{"allow":["GET"]}}],"collection":[{"href":"https:\/\/www.upababy.pt\/fr\/wp-json\/wp\/v2\/product"}],"about":[{"href":"https:\/\/www.upababy.pt\/fr\/wp-json\/wp\/v2\/types\/product"}],"replies":[{"embeddable":true,"href":"https:\/\/www.upababy.pt\/fr\/wp-json\/wp\/v2\/comments?post=2318"}],"wp:featuredmedia":[{"embeddable":true,"href":"https:\/\/www.upababy.pt\/fr\/wp-json\/wp\/v2\/media\/1385"}],"wp:attachment":[{"href":"https:\/\/www.upababy.pt\/fr\/wp-json\/wp\/v2\/media?parent=2318"}],"wp:term":[{"taxonomy":"product_cat","embeddable":true,"href":"https:\/\/www.upababy.pt\/fr\/wp-json\/wp\/v2\/product_cat?post=2318"},{"taxonomy":"product_tag","embeddable":true,"href":"https:\/\/www.upababy.pt\/fr\/wp-json\/wp\/v2\/product_tag?post=2318"}],"curies":[{"name":"wp","href":"https:\/\/api.w.org\/{rel}","templated":true}]}}