{"id":2313,"date":"2022-02-21T10:24:24","date_gmt":"2022-02-21T10:24:24","guid":{"rendered":"http:\/\/upababy.pt\/produto\/chicco-key-2-3-polaris\/"},"modified":"2026-02-03T21:21:12","modified_gmt":"2026-02-03T21:21:12","slug":"chicco-key-2-3-polaris","status":"publish","type":"product","link":"https:\/\/www.upababy.pt\/fr\/produto\/chicco-key-2-3-polaris\/","title":{"rendered":"Chicco key 2\/3 polaris"},"content":{"rendered":"<p>Le si\u00e8ge auto est inclinable en 3 positions. La hauteur est r\u00e9glable sur 8 niveaux et la largeur peut \u00eatre augment\u00e9e jusqu&#8217;\u00e0 16 cm (6.29 in) pour s&#8217;adapter \u00e0 tous les enfants.<br \/>\nPoids : 5,7 kg (12.56 lbs)<\/p>\n<p>Installation :<br \/>\n\u2022 Positionner le si\u00e8ge auto \u00e0 l&#8217;endroit pr\u00e9vu.<br \/>\n\u2022 L&#8217;enfant utilise la ceinture de s\u00e9curit\u00e9 du v\u00e9hicule.<\/p>\n<p>Groupe 2\/3 : de 15 \u00e0 36 kg (4 \u00e0 10 ans)<br \/>\n           (de 33,01 \u00e0 77,36 lb)<\/p>\n","protected":false},"excerpt":{"rendered":"<p>Am\u00e9liorez les vacances de vos b\u00e9b\u00e9, tandis que vous voyagez l\u00e9ger. Upababy loue Chicco key 2\/3 polaris, mettant \u00e0 votre disposition o\u00f9 et quand vous en avez<\/p>\n","protected":false},"featured_media":1328,"comment_status":"closed","ping_status":"closed","template":"","meta":[],"product_cat":[102,101],"product_tag":[],"class_list":["post-2313","product","type-product","status-publish","has-post-thumbnail","hentry","product_cat-groupe-2-3-4-12-ans","product_cat-sieges-dauto"],"acf":[],"_links":{"self":[{"href":"https:\/\/www.upababy.pt\/fr\/wp-json\/wp\/v2\/product\/2313","targetHints":{"allow":["GET"]}}],"collection":[{"href":"https:\/\/www.upababy.pt\/fr\/wp-json\/wp\/v2\/product"}],"about":[{"href":"https:\/\/www.upababy.pt\/fr\/wp-json\/wp\/v2\/types\/product"}],"replies":[{"embeddable":true,"href":"https:\/\/www.upababy.pt\/fr\/wp-json\/wp\/v2\/comments?post=2313"}],"wp:featuredmedia":[{"embeddable":true,"href":"https:\/\/www.upababy.pt\/fr\/wp-json\/wp\/v2\/media\/1328"}],"wp:attachment":[{"href":"https:\/\/www.upababy.pt\/fr\/wp-json\/wp\/v2\/media?parent=2313"}],"wp:term":[{"taxonomy":"product_cat","embeddable":true,"href":"https:\/\/www.upababy.pt\/fr\/wp-json\/wp\/v2\/product_cat?post=2313"},{"taxonomy":"product_tag","embeddable":true,"href":"https:\/\/www.upababy.pt\/fr\/wp-json\/wp\/v2\/product_tag?post=2313"}],"curies":[{"name":"wp","href":"https:\/\/api.w.org\/{rel}","templated":true}]}}