{"id":2311,"date":"2022-02-21T10:24:24","date_gmt":"2022-02-21T10:24:24","guid":{"rendered":"http:\/\/upababy.pt\/produto\/noir-romer-kidplus-groupe-2-3\/"},"modified":"2026-02-03T21:12:03","modified_gmt":"2026-02-03T21:12:03","slug":"noir-romer-kidplus-groupe-2-3","status":"publish","type":"product","link":"https:\/\/www.upababy.pt\/fr\/produto\/noir-romer-kidplus-groupe-2-3\/","title":{"rendered":"Noir R\u00f6mer Kidplus groupe 2\/3"},"content":{"rendered":"<p>Si\u00e8ge auto confortable. L&#8217;appui-t\u00eate sp\u00e9cial, dot\u00e9 de protections lat\u00e9rales profondes et d&#8217;une protection compl\u00e8te autour des \u00e9paules, offre un confort accru et une protection optimale contre les chocs lat\u00e9raux.<br \/>\nIl dispose de 11 positions de r\u00e9glage en hauteur.<br \/>\nLes guides de ceinture de s\u00e9curit\u00e9 positionnent correctement la ceinture 3 points sur les \u00e9paules et le bassin de l&#8217;enfant.<\/p>\n<p>Installation\u00a0:<br \/>\n\u2022 Placer le si\u00e8ge auto \u00e0 l&#8217;endroit pr\u00e9vu.<br \/>\n\u2022 Utiliser la ceinture de s\u00e9curit\u00e9 du v\u00e9hicule pour l&#8217;enfant.<\/p>\n<p>Groupe 2\/3\u00a0: de 15 \u00e0 36\u00a0kg (4 \u00e0 10\u00a0ans)<br \/>\n          (de 33,01 \u00e0 77,36\u00a0lb)<\/p>\n","protected":false},"excerpt":{"rendered":"<p>Am\u00e9liorez les vacances de vos b\u00e9b\u00e9, tandis que vous voyagez l\u00e9ger. Upababy loue Noir R\u00f6mer Kidplus groupe 2\/3, mettant \u00e0 votre disposition o\u00f9 et quand vous en a<\/p>\n","protected":false},"featured_media":1298,"comment_status":"closed","ping_status":"closed","template":"","meta":[],"product_cat":[102,101],"product_tag":[],"class_list":["post-2311","product","type-product","status-publish","has-post-thumbnail","hentry","product_cat-groupe-2-3-4-12-ans","product_cat-sieges-dauto"],"acf":[],"_links":{"self":[{"href":"https:\/\/www.upababy.pt\/fr\/wp-json\/wp\/v2\/product\/2311","targetHints":{"allow":["GET"]}}],"collection":[{"href":"https:\/\/www.upababy.pt\/fr\/wp-json\/wp\/v2\/product"}],"about":[{"href":"https:\/\/www.upababy.pt\/fr\/wp-json\/wp\/v2\/types\/product"}],"replies":[{"embeddable":true,"href":"https:\/\/www.upababy.pt\/fr\/wp-json\/wp\/v2\/comments?post=2311"}],"wp:featuredmedia":[{"embeddable":true,"href":"https:\/\/www.upababy.pt\/fr\/wp-json\/wp\/v2\/media\/1298"}],"wp:attachment":[{"href":"https:\/\/www.upababy.pt\/fr\/wp-json\/wp\/v2\/media?parent=2311"}],"wp:term":[{"taxonomy":"product_cat","embeddable":true,"href":"https:\/\/www.upababy.pt\/fr\/wp-json\/wp\/v2\/product_cat?post=2311"},{"taxonomy":"product_tag","embeddable":true,"href":"https:\/\/www.upababy.pt\/fr\/wp-json\/wp\/v2\/product_tag?post=2311"}],"curies":[{"name":"wp","href":"https:\/\/api.w.org\/{rel}","templated":true}]}}