{"id":2499,"date":"2022-01-28T16:42:07","date_gmt":"2022-01-28T16:42:07","guid":{"rendered":"http:\/\/upababy.pt\/links-uteis\/"},"modified":"2022-02-25T03:28:59","modified_gmt":"2022-02-25T03:28:59","slug":"useful-links","status":"publish","type":"page","link":"https:\/\/www.upababy.pt\/en\/useful-links\/","title":{"rendered":"Useful Links"},"content":{"rendered":"<h4>Useful Links<\/h4>\n<p>Sa\u00fade 24 (Health 24)<br \/>\nSaude 24 Line is an initiative of the Ministry of health that aims to meet the needs expressed by citizens in matters of health, helping to expand and improve accessibility to services and rationalise the use of existing resources by users forwarding them to the institutions integrated into the most appropriatenational health service.<br \/>\n<a title=\"Links \u00fateis Upababy: SAUDE24\" href=\"http:\/\/www.saude24.pt\" target=\"_blank\" rel=\"noopener\">www.saude24.pt<\/a><\/p>\n<h4>Portal da Sa\u00fade (The Health Portal)<\/h4>\n<p><a title=\"Links \u00fateis Upababy: Minist\u00e9rio da Sa\u00fade\" href=\"http:\/\/www.min-saude.pt\" target=\"_blank\" rel=\"noopener\">www.min-saude.pt<\/a><\/p>\n<h4>Farm\u00e1cias de servi\u00e7o.net (On call pharmacies)<\/h4>\n<p><a title=\"Links \u00fateis Upababy: Farm\u00e1cias de servi\u00e7o\" href=\"http:\/\/www.farmaciasdeservico.net\" target=\"_blank\" rel=\"noopener\">www.farmaciasdeservico.net<\/a><\/p>\n<h4>Association for the Promotion of Child Safety<\/h4>\n<p>&#8220;APSI, the Association for the Promotion of Child Safety, is a private non-profit association, with the status of public utility, which aims to promote the Union and efforts to reduce the number and severity of accidents and their consequences on children and young people in Portugal.&#8221;<br \/>\n<a title=\"Links \u00fateis Upababy: Associa\u00e7\u00e3o para a Promo\u00e7\u00e3o e Seguran\u00e7a Infantil\" href=\"http:\/\/www.apsi.org.pt\" target=\"_blank\" rel=\"noopener\">www.apsi.org.pt<\/a><\/p>\n<h4>Portuguese Society of Pediatrics<\/h4>\n<p>The Portuguese Society of Pediatrics (SPP) is a scientific society and was founded in 1948. It joins together Pediatricians and other health professionals who care for children.<br \/>\nThe mission of the SPP is to attain optimal physical, mental, and social health and well-being for all infants, children, adolescents, and young adults, in Portugal and in the world.<br \/>\n<a title=\"Links \u00fateis Upababy: Sociedade Portuguesa de Pediatria\" href=\"http:\/\/www.spp.pt\" target=\"_blank\" rel=\"noopener\">www.spp.pt<\/a><\/p>\n<h4>Visit Portugal<\/h4>\n<p>&#8220;Visitportugal is the official website for Portugal as a tourist destination, and is developed by Turismo de Portugal, I.P., the national tourist board.&#8221;<br \/>\n<a title=\"Links \u00fateis Upababy: Visitportugal\" href=\"http:\/\/www.visitportugal.com\" target=\"_blank\" rel=\"noopener\">www.visitportugal.com<\/a><\/p>\n<h4>Oportonity<\/h4>\n<p>The tourism portal from Porto aimed at the tourists&#8217; needs<br \/>\n<a title=\"Links \u00fateis Upababy: Oportunity\" href=\"http:\/\/www.portoturismo.pt\/\" target=\"_blank\" rel=\"noopener\">http:\/\/www.portoturismo.pt<\/a><\/p>\n","protected":false},"excerpt":{"rendered":"<p>Useful Links Sa\u00fade 24 (Health 24) Saude 24 Line is an initiative of the Ministry of health that aims to meet the needs expressed by citizens in matters of health, helping to expand and improve accessibility to services and rationalise the use of existing resources by users forwarding them to the institutions integrated into the [&hellip;]<\/p>\n","protected":false},"author":1,"featured_media":0,"parent":0,"menu_order":0,"comment_status":"closed","ping_status":"closed","template":"","meta":{"footnotes":""},"class_list":["post-2499","page","type-page","status-publish","hentry"],"acf":[],"_links":{"self":[{"href":"https:\/\/www.upababy.pt\/en\/wp-json\/wp\/v2\/pages\/2499","targetHints":{"allow":["GET"]}}],"collection":[{"href":"https:\/\/www.upababy.pt\/en\/wp-json\/wp\/v2\/pages"}],"about":[{"href":"https:\/\/www.upababy.pt\/en\/wp-json\/wp\/v2\/types\/page"}],"author":[{"embeddable":true,"href":"https:\/\/www.upababy.pt\/en\/wp-json\/wp\/v2\/users\/1"}],"replies":[{"embeddable":true,"href":"https:\/\/www.upababy.pt\/en\/wp-json\/wp\/v2\/comments?post=2499"}],"version-history":[{"count":2,"href":"https:\/\/www.upababy.pt\/en\/wp-json\/wp\/v2\/pages\/2499\/revisions"}],"predecessor-version":[{"id":2502,"href":"https:\/\/www.upababy.pt\/en\/wp-json\/wp\/v2\/pages\/2499\/revisions\/2502"}],"wp:attachment":[{"href":"https:\/\/www.upababy.pt\/en\/wp-json\/wp\/v2\/media?parent=2499"}],"curies":[{"name":"wp","href":"https:\/\/api.w.org\/{rel}","templated":true}]}}